{"id":61,"date":"2015-01-14T15:23:13","date_gmt":"2015-01-14T14:23:13","guid":{"rendered":"http:\/\/newterm.sslmit.unibo.it\/?page_id=61"},"modified":"2022-02-22T12:16:04","modified_gmt":"2022-02-22T11:16:04","slug":"internships","status":"publish","type":"page","link":"https:\/\/www.terminologia.it\/index.php\/companies\/internships\/","title":{"rendered":"Host an intern"},"content":{"rendered":"\t\t<div data-elementor-type=\"wp-page\" data-elementor-id=\"61\" class=\"elementor elementor-61\">\n\t\t\t\t\t\t<section class=\"elementor-section elementor-top-section elementor-element elementor-element-1914d5c elementor-section-boxed elementor-section-height-default elementor-section-height-default\" data-id=\"1914d5c\" data-element_type=\"section\" data-e-type=\"section\">\n\t\t\t\t\t\t<div class=\"elementor-container elementor-column-gap-default\">\n\t\t\t\t\t<div class=\"elementor-column elementor-col-100 elementor-top-column elementor-element elementor-element-6fba81f6\" data-id=\"6fba81f6\" data-element_type=\"column\" data-e-type=\"column\">\n\t\t\t<div class=\"elementor-widget-wrap elementor-element-populated\">\n\t\t\t\t\t\t\t<\/div>\n\t\t<\/div>\n\t\t\t\t\t<\/div>\n\t\t<\/section>\n\t\t\t\t<section class=\"elementor-section elementor-top-section elementor-element elementor-element-49cbc87c elementor-section-boxed elementor-section-height-default elementor-section-height-default\" data-id=\"49cbc87c\" data-element_type=\"section\" data-e-type=\"section\">\n\t\t\t\t\t\t<div class=\"elementor-container elementor-column-gap-default\">\n\t\t\t\t\t<div class=\"elementor-column elementor-col-100 elementor-top-column elementor-element elementor-element-466f3619\" data-id=\"466f3619\" data-element_type=\"column\" data-e-type=\"column\">\n\t\t\t<div class=\"elementor-widget-wrap elementor-element-populated\">\n\t\t\t\t\t\t\t<\/div>\n\t\t<\/div>\n\t\t\t\t\t<\/div>\n\t\t<\/section>\n\t\t\t\t<section class=\"elementor-section elementor-top-section elementor-element elementor-element-58bcb6df elementor-section-content-middle elementor-section-stretched elementor-section-boxed elementor-section-height-default elementor-section-height-default\" data-id=\"58bcb6df\" data-element_type=\"section\" data-e-type=\"section\" data-settings=\"{&quot;background_background&quot;:&quot;classic&quot;,&quot;stretch_section&quot;:&quot;section-stretched&quot;}\">\n\t\t\t\t\t\t\t<div class=\"elementor-background-overlay\"><\/div>\n\t\t\t\t\t\t\t<div class=\"elementor-container elementor-column-gap-no\">\n\t\t\t\t\t<div class=\"elementor-column elementor-col-100 elementor-top-column elementor-element elementor-element-7365b907\" data-id=\"7365b907\" data-element_type=\"column\" data-e-type=\"column\">\n\t\t\t<div class=\"elementor-widget-wrap elementor-element-populated\">\n\t\t\t\t\t\t<div class=\"elementor-element elementor-element-7c1d0f0d elementor-widget elementor-widget-heading\" data-id=\"7c1d0f0d\" data-element_type=\"widget\" data-e-type=\"widget\" data-widget_type=\"heading.default\">\n\t\t\t\t<div class=\"elementor-widget-container\">\n\t\t\t\t\t<h1 class=\"elementor-heading-title elementor-size-default\">tirocini<\/h1>\t\t\t\t<\/div>\n\t\t\t\t<\/div>\n\t\t\t\t\t<\/div>\n\t\t<\/div>\n\t\t\t\t\t<\/div>\n\t\t<\/section>\n\t\t\t\t<section class=\"elementor-section elementor-top-section elementor-element elementor-element-4405cd7c elementor-section-boxed elementor-section-height-default elementor-section-height-default\" data-id=\"4405cd7c\" data-element_type=\"section\" data-e-type=\"section\">\n\t\t\t\t\t\t<div class=\"elementor-container elementor-column-gap-default\">\n\t\t\t\t\t<div class=\"elementor-column elementor-col-50 elementor-top-column elementor-element elementor-element-41ba7568\" data-id=\"41ba7568\" data-element_type=\"column\" data-e-type=\"column\">\n\t\t\t<div class=\"elementor-widget-wrap elementor-element-populated\">\n\t\t\t\t\t\t<div class=\"elementor-element elementor-element-7f57e5be elementor-widget elementor-widget-heading\" data-id=\"7f57e5be\" data-element_type=\"widget\" data-e-type=\"widget\" data-widget_type=\"heading.default\">\n\t\t\t\t<div class=\"elementor-widget-container\">\n\t\t\t\t\t<h2 class=\"elementor-heading-title elementor-size-default\">Tirocini<\/h2>\t\t\t\t<\/div>\n\t\t\t\t<\/div>\n\t\t\t\t<div class=\"elementor-element elementor-element-38c9c5de elementor-widget elementor-widget-heading\" data-id=\"38c9c5de\" data-element_type=\"widget\" data-e-type=\"widget\" data-widget_type=\"heading.default\">\n\t\t\t\t<div class=\"elementor-widget-container\">\n\t\t\t\t\t<h3 class=\"elementor-heading-title elementor-size-default\">Informazioni per aziende interessate ad offrire un tirocinio per studenti in collaborazione con il LabTerm<\/h3>\t\t\t\t<\/div>\n\t\t\t\t<\/div>\n\t\t\t\t\t<\/div>\n\t\t<\/div>\n\t\t\t\t<div class=\"elementor-column elementor-col-50 elementor-top-column elementor-element elementor-element-2583eccb\" data-id=\"2583eccb\" data-element_type=\"column\" data-e-type=\"column\">\n\t\t\t<div class=\"elementor-widget-wrap elementor-element-populated\">\n\t\t\t\t\t\t<div class=\"elementor-element elementor-element-73faef31 elementor-widget elementor-widget-text-editor\" data-id=\"73faef31\" data-element_type=\"widget\" data-e-type=\"widget\" data-widget_type=\"text-editor.default\">\n\t\t\t\t<div class=\"elementor-widget-container\">\n\t\t\t\t\t\t\t\t\t<p>Se state valutando l&#8217;ipotesi di ospitare un tirocinante, potete contare sulla nostra collaborazione.<\/p><p>Attivare dei tirocini vi permetter\u00e0 di poter spaziare tra diverse opzioni: assegnare incarichi a breve termine, pianificare progetti a medio termine o gettare le basi per una collaborazione a lungo termine.<\/p><p><strong>Per offrire un tirocinio, basta seguire due semplici passi:<\/strong><\/p><ol><li>stipulare una convenzione con l&#8217;Universit\u00e0 di Bologna<\/li><li>decidere la tipologia di tirocinio che vorreste offrire<\/li><\/ol><p><strong>Stipulare una convenzione con UniBo<\/strong><br \/>Contattate l&#8217;Ufficio Tirocini e Placement per\u00a0sapere come fare (<a href=\"mailto:cinzia.postacchini@unibo.it\">cinzia.postacchini@unibo.it<\/a>). Dopo aver stipulato la\u00a0convenzione vi verranno forniti uno username e una password per accedere ad uno specifico applicativo in cui pubblicare le offerte di tirocinio e aggiornarle.<\/p><p><strong>Tipologie di tirocinio<\/strong><\/p><p>Al momento sono disponibili tre tipologie di tirocinio (<strong>Tirocinio curriculare<\/strong>,\u00a0<strong>Tirocinio avanzato<\/strong>\u00a0e\u00a0<strong>Tirocinio formativo<\/strong>) per le quali potete leggere <a href=\"https:\/\/www.terminologia.it\/index.php\/students\/internships\/types-of-internships\/\">ulteriori dettagli<\/a>.<\/p><p>I tirocini del progetto <em>Language Toolkit<\/em>\u00a0sono esempi di <strong><em>tirocinio avanzato<\/em><\/strong><em>. <\/em>Il progetto \u00e8 frutto di un accordo tra la Scuola di Lingue e Letterature, Traduzione e Interpretazione (Campus di Forl\u00ec) e la Camera di Commercio di Forl\u00ec-Cesena. Nell&#8217;ambito di questo programma gli studenti lavorano in un&#8217;azienda per 300 ore, svolgendo ricerca applicata per la loro tesi di laurea e acquisendo familiarit\u00e0 con l&#8217;ambiente lavorativo. Se volete saperne di pi\u00f9, consultate la pagina <em><a href=\"https:\/\/www.terminologia.it\/index.php\/students\/the-language-toolkit-scheme\/\">Language Toolkit<\/a><\/em> o <a href=\"https:\/\/www.terminologia.it\/index.php\/contacts\/\">contattateci<\/a>.<\/p>\t\t\t\t\t\t\t\t<\/div>\n\t\t\t\t<\/div>\n\t\t\t\t\t<\/div>\n\t\t<\/div>\n\t\t\t\t\t<\/div>\n\t\t<\/section>\n\t\t\t\t<\/div>\n\t\t","protected":false},"excerpt":{"rendered":"<p>tirocini Tirocini Informazioni per aziende interessate ad offrire un tirocinio per studenti in collaborazione con il LabTerm Se state valutando l&#8217;ipotesi di ospitare un tirocinante, potete contare sulla nostra collaborazione. Attivare dei tirocini vi permetter\u00e0 di poter spaziare tra diverse opzioni: assegnare incarichi a breve termine, pianificare progetti a medio termine o gettare le basi [&hellip;]<\/p>\n","protected":false},"author":1,"featured_media":0,"parent":14,"menu_order":0,"comment_status":"closed","ping_status":"closed","template":"","meta":{"site-sidebar-layout":"default","site-content-layout":"default","ast-site-content-layout":"default","site-content-style":"default","site-sidebar-style":"default","ast-global-header-display":"","ast-banner-title-visibility":"","ast-main-header-display":"","ast-hfb-above-header-display":"","ast-hfb-below-header-display":"","ast-hfb-mobile-header-display":"","site-post-title":"disabled","ast-breadcrumbs-content":"","ast-featured-img":"","footer-sml-layout":"","ast-disable-related-posts":"","theme-transparent-header-meta":"default","adv-header-id-meta":"","stick-header-meta":"","header-above-stick-meta":"","header-main-stick-meta":"","header-below-stick-meta":"","astra-migrate-meta-layouts":"default","ast-page-background-enabled":"default","ast-page-background-meta":{"desktop":{"background-color":"","background-image":"","background-repeat":"repeat","background-position":"center center","background-size":"auto","background-attachment":"scroll","background-type":"","background-media":"","overlay-type":"","overlay-color":"","overlay-opacity":"","overlay-gradient":""},"tablet":{"background-color":"","background-image":"","background-repeat":"repeat","background-position":"center center","background-size":"auto","background-attachment":"scroll","background-type":"","background-media":"","overlay-type":"","overlay-color":"","overlay-opacity":"","overlay-gradient":""},"mobile":{"background-color":"","background-image":"","background-repeat":"repeat","background-position":"center center","background-size":"auto","background-attachment":"scroll","background-type":"","background-media":"","overlay-type":"","overlay-color":"","overlay-opacity":"","overlay-gradient":""}},"ast-content-background-meta":{"desktop":{"background-color":"var(--ast-global-color-5)","background-image":"","background-repeat":"repeat","background-position":"center center","background-size":"auto","background-attachment":"scroll","background-type":"","background-media":"","overlay-type":"","overlay-color":"","overlay-opacity":"","overlay-gradient":""},"tablet":{"background-color":"var(--ast-global-color-5)","background-image":"","background-repeat":"repeat","background-position":"center center","background-size":"auto","background-attachment":"scroll","background-type":"","background-media":"","overlay-type":"","overlay-color":"","overlay-opacity":"","overlay-gradient":""},"mobile":{"background-color":"var(--ast-global-color-5)","background-image":"","background-repeat":"repeat","background-position":"center center","background-size":"auto","background-attachment":"scroll","background-type":"","background-media":"","overlay-type":"","overlay-color":"","overlay-opacity":"","overlay-gradient":""}},"footnotes":""},"class_list":["post-61","page","type-page","status-publish","hentry"],"_links":{"self":[{"href":"https:\/\/www.terminologia.it\/index.php\/wp-json\/wp\/v2\/pages\/61","targetHints":{"allow":["GET"]}}],"collection":[{"href":"https:\/\/www.terminologia.it\/index.php\/wp-json\/wp\/v2\/pages"}],"about":[{"href":"https:\/\/www.terminologia.it\/index.php\/wp-json\/wp\/v2\/types\/page"}],"author":[{"embeddable":true,"href":"https:\/\/www.terminologia.it\/index.php\/wp-json\/wp\/v2\/users\/1"}],"replies":[{"embeddable":true,"href":"https:\/\/www.terminologia.it\/index.php\/wp-json\/wp\/v2\/comments?post=61"}],"version-history":[{"count":24,"href":"https:\/\/www.terminologia.it\/index.php\/wp-json\/wp\/v2\/pages\/61\/revisions"}],"predecessor-version":[{"id":4106,"href":"https:\/\/www.terminologia.it\/index.php\/wp-json\/wp\/v2\/pages\/61\/revisions\/4106"}],"up":[{"embeddable":true,"href":"https:\/\/www.terminologia.it\/index.php\/wp-json\/wp\/v2\/pages\/14"}],"wp:attachment":[{"href":"https:\/\/www.terminologia.it\/index.php\/wp-json\/wp\/v2\/media?parent=61"}],"curies":[{"name":"wp","href":"https:\/\/api.w.org\/{rel}","templated":true}]}}