{"id":5703,"date":"2023-03-08T11:38:20","date_gmt":"2023-03-08T10:38:20","guid":{"rendered":"https:\/\/www.terminologia.it\/?page_id=5703"},"modified":"2023-03-08T12:41:37","modified_gmt":"2023-03-08T11:41:37","slug":"italiano-terme-more-brasilia","status":"publish","type":"page","link":"https:\/\/www.terminologia.it\/index.php\/italiano-terme-more-brasilia\/","title":{"rendered":"(Italiano) TerMe More &#8211; Brasilia"},"content":{"rendered":"\t\t<div data-elementor-type=\"wp-page\" data-elementor-id=\"5703\" class=\"elementor elementor-5703\">\n\t\t\t\t\t\t<section class=\"elementor-section elementor-top-section elementor-element elementor-element-4b1e49a3 elementor-section-boxed elementor-section-height-default elementor-section-height-default\" data-id=\"4b1e49a3\" data-element_type=\"section\" data-e-type=\"section\">\n\t\t\t\t\t\t<div class=\"elementor-container elementor-column-gap-default\">\n\t\t\t\t\t<div class=\"elementor-column elementor-col-100 elementor-top-column elementor-element elementor-element-4e4ef811\" data-id=\"4e4ef811\" data-element_type=\"column\" data-e-type=\"column\">\n\t\t\t<div class=\"elementor-widget-wrap elementor-element-populated\">\n\t\t\t\t\t\t\t<\/div>\n\t\t<\/div>\n\t\t\t\t\t<\/div>\n\t\t<\/section>\n\t\t\t\t<section class=\"elementor-section elementor-top-section elementor-element elementor-element-1b8d3a29 elementor-section-content-top elementor-section-full_width elementor-section-stretched elementor-section-height-default elementor-section-height-default\" data-id=\"1b8d3a29\" data-element_type=\"section\" data-e-type=\"section\" data-settings=\"{&quot;background_background&quot;:&quot;classic&quot;,&quot;stretch_section&quot;:&quot;section-stretched&quot;,&quot;animation&quot;:&quot;none&quot;}\">\n\t\t\t\t\t\t\t<div class=\"elementor-background-overlay\"><\/div>\n\t\t\t\t\t\t\t<div class=\"elementor-container elementor-column-gap-default\">\n\t\t\t\t\t<div class=\"elementor-column elementor-col-100 elementor-top-column elementor-element elementor-element-32d70bba\" data-id=\"32d70bba\" data-element_type=\"column\" data-e-type=\"column\">\n\t\t\t<div class=\"elementor-widget-wrap elementor-element-populated\">\n\t\t\t\t\t\t<div class=\"elementor-element elementor-element-41eca6a2 elementor-widget elementor-widget-spacer\" data-id=\"41eca6a2\" data-element_type=\"widget\" data-e-type=\"widget\" data-widget_type=\"spacer.default\">\n\t\t\t\t<div class=\"elementor-widget-container\">\n\t\t\t\t\t\t\t<div class=\"elementor-spacer\">\n\t\t\t<div class=\"elementor-spacer-inner\"><\/div>\n\t\t<\/div>\n\t\t\t\t\t\t<\/div>\n\t\t\t\t<\/div>\n\t\t\t\t<div class=\"elementor-element elementor-element-2ebd057 elementor-widget elementor-widget-heading\" data-id=\"2ebd057\" data-element_type=\"widget\" data-e-type=\"widget\" data-widget_type=\"heading.default\">\n\t\t\t\t<div class=\"elementor-widget-container\">\n\t\t\t\t\t<h2 class=\"elementor-heading-title elementor-size-default\">\n\nBrasilia<\/h2>\t\t\t\t<\/div>\n\t\t\t\t<\/div>\n\t\t\t\t<div class=\"elementor-element elementor-element-6c91105f elementor-widget elementor-widget-heading\" data-id=\"6c91105f\" data-element_type=\"widget\" data-e-type=\"widget\" data-widget_type=\"heading.default\">\n\t\t\t\t<div class=\"elementor-widget-container\">\n\t\t\t\t\t<h4 class=\"elementor-heading-title elementor-size-default\">Progetto TerMe More\n<\/h4>\t\t\t\t<\/div>\n\t\t\t\t<\/div>\n\t\t\t\t<div class=\"elementor-element elementor-element-566d3818 elementor-widget elementor-widget-spacer\" data-id=\"566d3818\" data-element_type=\"widget\" data-e-type=\"widget\" data-widget_type=\"spacer.default\">\n\t\t\t\t<div class=\"elementor-widget-container\">\n\t\t\t\t\t\t\t<div class=\"elementor-spacer\">\n\t\t\t<div class=\"elementor-spacer-inner\"><\/div>\n\t\t<\/div>\n\t\t\t\t\t\t<\/div>\n\t\t\t\t<\/div>\n\t\t\t\t\t<\/div>\n\t\t<\/div>\n\t\t\t\t\t<\/div>\n\t\t<\/section>\n\t\t\t\t<section class=\"elementor-section elementor-top-section elementor-element elementor-element-14b981ff elementor-section-full_width elementor-section-height-default elementor-section-height-default\" data-id=\"14b981ff\" data-element_type=\"section\" data-e-type=\"section\">\n\t\t\t\t\t\t<div class=\"elementor-container elementor-column-gap-default\">\n\t\t\t\t\t<div class=\"elementor-column elementor-col-100 elementor-top-column elementor-element elementor-element-5ffc4e83\" data-id=\"5ffc4e83\" data-element_type=\"column\" data-e-type=\"column\">\n\t\t\t<div class=\"elementor-widget-wrap elementor-element-populated\">\n\t\t\t\t\t\t<div class=\"elementor-element elementor-element-511af7d4 elementor-widget elementor-widget-spacer\" data-id=\"511af7d4\" data-element_type=\"widget\" data-e-type=\"widget\" data-widget_type=\"spacer.default\">\n\t\t\t\t<div class=\"elementor-widget-container\">\n\t\t\t\t\t\t\t<div class=\"elementor-spacer\">\n\t\t\t<div class=\"elementor-spacer-inner\"><\/div>\n\t\t<\/div>\n\t\t\t\t\t\t<\/div>\n\t\t\t\t<\/div>\n\t\t\t\t<div class=\"elementor-element elementor-element-62554b3 elementor-widget elementor-widget-spacer\" data-id=\"62554b3\" data-element_type=\"widget\" data-e-type=\"widget\" data-widget_type=\"spacer.default\">\n\t\t\t\t<div class=\"elementor-widget-container\">\n\t\t\t\t\t\t\t<div class=\"elementor-spacer\">\n\t\t\t<div class=\"elementor-spacer-inner\"><\/div>\n\t\t<\/div>\n\t\t\t\t\t\t<\/div>\n\t\t\t\t<\/div>\n\t\t\t\t\t<\/div>\n\t\t<\/div>\n\t\t\t\t\t<\/div>\n\t\t<\/section>\n\t\t\t\t<section class=\"elementor-section elementor-top-section elementor-element elementor-element-150ee3d7 elementor-section-boxed elementor-section-height-default elementor-section-height-default\" data-id=\"150ee3d7\" data-element_type=\"section\" data-e-type=\"section\">\n\t\t\t\t\t\t<div class=\"elementor-container elementor-column-gap-default\">\n\t\t\t\t\t<div class=\"elementor-column elementor-col-100 elementor-top-column elementor-element elementor-element-1b60d223\" data-id=\"1b60d223\" data-element_type=\"column\" data-e-type=\"column\">\n\t\t\t<div class=\"elementor-widget-wrap elementor-element-populated\">\n\t\t\t\t\t\t<div class=\"elementor-element elementor-element-2cc6626e elementor-widget elementor-widget-spacer\" data-id=\"2cc6626e\" data-element_type=\"widget\" data-e-type=\"widget\" data-widget_type=\"spacer.default\">\n\t\t\t\t<div class=\"elementor-widget-container\">\n\t\t\t\t\t\t\t<div class=\"elementor-spacer\">\n\t\t\t<div class=\"elementor-spacer-inner\"><\/div>\n\t\t<\/div>\n\t\t\t\t\t\t<\/div>\n\t\t\t\t<\/div>\n\t\t\t\t\t<\/div>\n\t\t<\/div>\n\t\t\t\t\t<\/div>\n\t\t<\/section>\n\t\t\t\t<section class=\"elementor-section elementor-top-section elementor-element elementor-element-6d66e9ea elementor-section-boxed elementor-section-height-default elementor-section-height-default\" data-id=\"6d66e9ea\" data-element_type=\"section\" data-e-type=\"section\">\n\t\t\t\t\t\t<div class=\"elementor-container elementor-column-gap-default\">\n\t\t\t\t\t<div class=\"elementor-column elementor-col-100 elementor-top-column elementor-element elementor-element-3c8102bc\" data-id=\"3c8102bc\" data-element_type=\"column\" data-e-type=\"column\">\n\t\t\t<div class=\"elementor-widget-wrap elementor-element-populated\">\n\t\t\t\t\t\t\t<\/div>\n\t\t<\/div>\n\t\t\t\t\t<\/div>\n\t\t<\/section>\n\t\t\t\t<section class=\"elementor-section elementor-top-section elementor-element elementor-element-e1f643c elementor-section-content-top elementor-section-boxed elementor-section-height-default elementor-section-height-default\" data-id=\"e1f643c\" data-element_type=\"section\" data-e-type=\"section\">\n\t\t\t\t\t\t<div class=\"elementor-container elementor-column-gap-no\">\n\t\t\t\t\t<div class=\"elementor-column elementor-col-50 elementor-top-column elementor-element elementor-element-5341d173\" data-id=\"5341d173\" data-element_type=\"column\" data-e-type=\"column\">\n\t\t\t<div class=\"elementor-widget-wrap elementor-element-populated\">\n\t\t\t\t\t\t<div class=\"elementor-element elementor-element-61aa001c elementor-widget elementor-widget-heading\" data-id=\"61aa001c\" data-element_type=\"widget\" data-e-type=\"widget\" data-widget_type=\"heading.default\">\n\t\t\t\t<div class=\"elementor-widget-container\">\n\t\t\t\t\t<h2 class=\"elementor-heading-title elementor-size-default\">Brasilia<\/h2>\t\t\t\t<\/div>\n\t\t\t\t<\/div>\n\t\t\t\t<div class=\"elementor-element elementor-element-10270ff0 elementor-widget elementor-widget-heading\" data-id=\"10270ff0\" data-element_type=\"widget\" data-e-type=\"widget\" data-widget_type=\"heading.default\">\n\t\t\t\t<div class=\"elementor-widget-container\">\n\t\t\t\t\t<h3 class=\"elementor-heading-title elementor-size-default\">Storia della citt\u00e0 che non c\u2019era<\/h3>\t\t\t\t<\/div>\n\t\t\t\t<\/div>\n\t\t\t\t<div class=\"elementor-element elementor-element-493004d6 elementor-widget elementor-widget-heading\" data-id=\"493004d6\" data-element_type=\"widget\" data-e-type=\"widget\" data-widget_type=\"heading.default\">\n\t\t\t\t<div class=\"elementor-widget-container\">\n\t\t\t\t\t<h3 class=\"elementor-heading-title elementor-size-default\">Una riflessione sulla neologia primaria e secondaria in terminologia\n<\/h3>\t\t\t\t<\/div>\n\t\t\t\t<\/div>\n\t\t\t\t<div class=\"elementor-element elementor-element-559f78b8 elementor-widget elementor-widget-heading\" data-id=\"559f78b8\" data-element_type=\"widget\" data-e-type=\"widget\" data-widget_type=\"heading.default\">\n\t\t\t\t<div class=\"elementor-widget-container\">\n\t\t\t\t\t<h3 class=\"elementor-heading-title elementor-size-default\">Progetto TerMe More - Storie di termini\n<\/h3>\t\t\t\t<\/div>\n\t\t\t\t<\/div>\n\t\t\t\t\t<\/div>\n\t\t<\/div>\n\t\t\t\t<div class=\"elementor-column elementor-col-50 elementor-top-column elementor-element elementor-element-20a02a05\" data-id=\"20a02a05\" data-element_type=\"column\" data-e-type=\"column\">\n\t\t\t<div class=\"elementor-widget-wrap elementor-element-populated\">\n\t\t\t\t\t\t<div class=\"elementor-element elementor-element-1673e501 elementor-widget elementor-widget-text-editor\" data-id=\"1673e501\" data-element_type=\"widget\" data-e-type=\"widget\" data-widget_type=\"text-editor.default\">\n\t\t\t\t<div class=\"elementor-widget-container\">\n\t\t\t\t\t\t\t\t\t<p>Questo articolo \u00e8 dedicato ad una riflessione sulla <strong>neologia<\/strong>, o la <strong>creazione<\/strong> di un nuovo termine, nella <strong>teoria<\/strong> della terminologia. In terminologia, la <strong>neologia<\/strong> pu\u00f2 essere definita <strong>primaria o secondaria<\/strong>, a seconda che questa si riferisca alla denominazione di un concetto gi\u00e0 esistente o meno. Nello specifico, questo articolo presenta una riflessione sulla creazione di un <strong>toponimo<\/strong>, o la denominazione di un luogo geografico, che prima non esisteva: la citt\u00e0 di <strong>Brasilia<\/strong>. \u00a0<\/p><p>La storia di <strong>Brasilia<\/strong> \u00e8 particolare, in quanto la citt\u00e0 costituisce uno dei pochi esempi di citt\u00e0 <strong>di<\/strong> <strong>fondazione<\/strong>, o progettate da zero, negli anni tra il 1956 e il 1960. Dal 1763 al 1960 infatti, la capitale del Brasile era <strong>Rio de Janeiro<\/strong>, anch\u2019essa con una denominazione dalla storia interessante. Secondo le fonti, l\u2019area dove sorge la citt\u00e0 fu raggiunta dai <strong>portoghesi<\/strong> il 1\u00b0 gennaio 1502. Poich\u00e9 gli Europei pensavano che la <strong>baia di Guanabara<\/strong> fosse la foce di un fiume, la chiamarono Rio de Janeiro, ossia <strong>fiume di gennaio<\/strong>. Mentre gli indigeni del luogo chiamarono i nuovi arrivati <strong>carioca<\/strong>, da: <strong>kara&#8217; iwa<\/strong> = uomo bianco e <strong>oka<\/strong> = casa, da cui <strong>carioca<\/strong> = casa dei bianchi.<\/p><p>Sempre secondo le fonti, il progetto di una <strong>nuova capitale<\/strong> del Brasile risale alla seconda met\u00e0 del XIX secolo, motivato da due ragioni: la prima, una questione di sicurezza, data la vulnerabilit\u00e0 del paese agli attacchi via mare; la seconda, dall\u2019origine, nel luogo scelto, di tre fiumi diretti verso regioni diverse del paese e pi\u00f9 facilmente raggiungibili tramite la navigazione. Successivamente, si \u00e8 aggiunta anche l&#8217;intenzione di sviluppare la regione di cui Brasilia fa parte (&#8220;Centro-Oeste&#8221;), che continua ad essere una delle meno popolose del paese.<\/p><p><strong>Brasilia<\/strong>, il nome della nuova capitale, costituisce l\u2019aggettivo riferito a qualcosa che \u201cproviene dal Brasile\u201d. Tuttavia, le origini del nome <strong>Brasile<\/strong> sono dibattute. Un\u2019ipotesi \u00e8 che questo derivi da <strong>Pau Brasil<\/strong>, il nome portoghese della \u00a0<a href=\"https:\/\/it.wikipedia.org\/wiki\/Caesalpinia_echinata\"><em>Caesalpinia echinata<\/em><\/a><em>, <\/em>un albero nativo della foresta vergine (Mata Atl\u00e2ntica) che ricopriva le regioni litoranee del Brasile. Il nome significa \u201calbero brasil\u201d. Il termine <strong>brasil<\/strong> potrebbe derivare dal colore rosso brace, <strong>brasa<\/strong> in portoghese, della resina del legno di questo albero. Un&#8217;altra ipotesi \u00e8 che il riferimento al colore della brace derivi dall\u2019usanza di impiegare questo albero come legna da ardere.<\/p><p>La storia di Brasilia \u00e8 particolare anche dal punto di vista <strong>urbanistico<\/strong>. Progettata da Lucio Costa con la collaborazione di <strong>Oscar Niemeyer, <\/strong>a cui si deve la pianificazione degli edifici pubblici e di rappresentanza, la citt\u00e0 \u00e8 <strong>tuttora<\/strong> <strong>in<\/strong> <strong>costruzione<\/strong>, seguendo il progetto originale del 1960, conosciuto come <strong>Plano Piloto<\/strong>. La storia della realizzazione del centro della citt\u00e0 \u00e8 molto interessante. Originariamente progettato a forma di <strong>croce<\/strong>, questo <strong>impianto<\/strong> era ispirato alle citt\u00e0 di fondazione <strong>romana<\/strong>, costruite sull\u2019incrocio del <strong>cardo<\/strong> e del <strong>decumano<\/strong>. A causa <strong>dell\u2019orografia<\/strong> del luogo, per\u00f2, il centro della citt\u00e0 ricorda oggi un <strong>aeroplano<\/strong>: nella <strong>fusoliera<\/strong> si trovano gli edifici di rappresentanza, mentre le <strong>ali<\/strong> ospitano le aree residenziali.<\/p><p>Se la storia di Brasilia ricorda, in prospettiva <strong>terminologica<\/strong>, un processo di <strong>neologia primaria<\/strong>, nella storia delle denominazioni di citt\u00e0 si trovano anche casi di <strong>neologia secondaria<\/strong>. Nello specifico, questo processo \u00e8 definito in<strong> terminologia<\/strong> come la <strong>denominazione<\/strong> di un concetto gi\u00e0 esistente, ossia l\u2019invenzione di un termine nuovo per un concetto gi\u00e0 denominato. Rimanendo nella <strong>toponomastica<\/strong>, questo \u00e8 il caso di <strong>Bisanzio<\/strong>, <strong>Costantinopoli<\/strong>, o <strong>Istanbul<\/strong>, come anche di <strong>Alessandria d\u2019Egitto<\/strong>, una delle tante <em>Alessandria<\/em> nel mondo, denominate in onore di <strong>Alessandro Magno<\/strong>.<\/p><p>Le fonti dicono che la prima denominazione, <strong>Bisanzio<\/strong>, derivi dal re <strong>Byzas<\/strong> dei coloni greci di Megara, che fondarono la citt\u00e0 nel 667 a.C. Il secondo nome della citt\u00e0, <strong>Costantinopoli<\/strong>, venne invece attribuito dall\u2019imperatore romano <strong>Costantino I<\/strong> nel 330 d. C., quando questa divenne capitale dell\u2019impero. L\u2019origine del nome odierno della citt\u00e0, <strong>Istanbul<\/strong>, \u00e8 invece incerta. Secondo alcuni, questo deriverebbe dalla frase greca medievale <strong>tradotta<\/strong> come <strong>&#8220;verso la citt\u00e0&#8221;, <\/strong>ad indicare lo status di Costantinopoli come <strong>centro principale<\/strong> della regione. Per altri, <strong>Istanbul<\/strong> sarebbe una diretta derivazione dal nome precedente, <strong>Costantinopoli<\/strong>, privato della prima e terza sillaba. Costantinopoli rimase il toponimo ufficiale fino al <strong>1928<\/strong>, quando il governo turco inizi\u00f2 progressivamente ad incoraggiare l\u2019uso del nuovo nome. Si dice infatti che, in quegli anni, lettere e pacchi indirizzati a Costantinopoli non venissero pi\u00f9 recapitati, stimolando cos\u00ec l\u2019adozione della nuova <strong>denominazione<\/strong>.<\/p><p>Per concludere, vorremmo che questo articolo fosse un esempio di una possibile <strong>nuova declinazione<\/strong> di questo <strong>progetto<\/strong>, che potrebbe coinvolgere non solo la <strong>storia di<\/strong> <strong>toponimi<\/strong>, ma anche di altre denominazioni che, nonostante non siano <strong>propriamente termini<\/strong>, costituiscono comunque il risultato di un <strong>processo di denominazione<\/strong> che ci sembra interessante raccontare.<\/p><p>Al prossimo termine!<\/p><p><strong>Alcuni consigli di lettura<\/strong><\/p><p>Waldek, Stephanie (2020) &#8220;60 Years Ago, The Modernist City of Brasilia Was Built From Scratch&#8221;<em> Architectural Digest<\/em> <em>Online<\/em>. Available at: <a href=\"https:\/\/www.architecturaldigest.com\/story\/60-years-ago-modernist-city-brasilia-built\">https:\/\/www.architecturaldigest.com\/story\/60-years-ago-modernist-city-brasilia-built<\/a> (consulted March 8th, 2023).<\/p><p>Westin, Ricardo (2020) &#8220;Brasilia, a capital que precisou de 150 anos para sair do papel\u201d Senado Federal&#8221;. Available at: <a href=\"https:\/\/www12.senado.leg.br\/noticias\/especiais\/arquivo-s\/brasilia-a-capital-que-precisou-de-150-anos-para-sair-do-papel\">https:\/\/www12.senado.leg.br\/noticias\/especiais\/arquivo-s\/brasilia-a-capital-que-precisou-de-150-anos-para-sair-do-papel<\/a>\u00a0(consulted March 8th, 2023).<\/p><p><span class=\"attribution_field \">Image by <a href=\"https:\/\/pixabay.com\/users\/mbastosbr-4709251\/?utm_source=link-attribution&amp;utm_medium=referral&amp;utm_campaign=image&amp;utm_content=2111416\">Marcelo Bastos<\/a> from <a href=\"https:\/\/pixabay.com\/\/?utm_source=link-attribution&amp;utm_medium=referral&amp;utm_campaign=image&amp;utm_content=2111416\">Pixabay<\/a><\/span><\/p>\t\t\t\t\t\t\t\t<\/div>\n\t\t\t\t<\/div>\n\t\t\t\t\t<\/div>\n\t\t<\/div>\n\t\t\t\t\t<\/div>\n\t\t<\/section>\n\t\t\t\t<\/div>\n\t\t","protected":false},"excerpt":{"rendered":"<p>Brasilia Progetto TerMe More Brasilia Storia della citt\u00e0 che non c\u2019era Una riflessione sulla neologia primaria e secondaria in terminologia Progetto TerMe More &#8211; Storie di termini Questo articolo \u00e8 dedicato ad una riflessione sulla neologia, o la creazione di un nuovo termine, nella teoria della terminologia. In terminologia, la neologia pu\u00f2 essere definita primaria [&hellip;]<\/p>\n","protected":false},"author":9,"featured_media":0,"parent":0,"menu_order":0,"comment_status":"closed","ping_status":"closed","template":"","meta":{"site-sidebar-layout":"no-sidebar","site-content-layout":"page-builder","ast-site-content-layout":"default","site-content-style":"default","site-sidebar-style":"default","ast-global-header-display":"","ast-banner-title-visibility":"","ast-main-header-display":"","ast-hfb-above-header-display":"","ast-hfb-below-header-display":"","ast-hfb-mobile-header-display":"","site-post-title":"disabled","ast-breadcrumbs-content":"","ast-featured-img":"disabled","footer-sml-layout":"","ast-disable-related-posts":"","theme-transparent-header-meta":"default","adv-header-id-meta":"","stick-header-meta":"","header-above-stick-meta":"","header-main-stick-meta":"","header-below-stick-meta":"","astra-migrate-meta-layouts":"default","ast-page-background-enabled":"default","ast-page-background-meta":{"desktop":{"background-color":"","background-image":"","background-repeat":"repeat","background-position":"center center","background-size":"auto","background-attachment":"scroll","background-type":"","background-media":"","overlay-type":"","overlay-color":"","overlay-opacity":"","overlay-gradient":""},"tablet":{"background-color":"","background-image":"","background-repeat":"repeat","background-position":"center center","background-size":"auto","background-attachment":"scroll","background-type":"","background-media":"","overlay-type":"","overlay-color":"","overlay-opacity":"","overlay-gradient":""},"mobile":{"background-color":"","background-image":"","background-repeat":"repeat","background-position":"center center","background-size":"auto","background-attachment":"scroll","background-type":"","background-media":"","overlay-type":"","overlay-color":"","overlay-opacity":"","overlay-gradient":""}},"ast-content-background-meta":{"desktop":{"background-color":"var(--ast-global-color-5)","background-image":"","background-repeat":"repeat","background-position":"center center","background-size":"auto","background-attachment":"scroll","background-type":"","background-media":"","overlay-type":"","overlay-color":"","overlay-opacity":"","overlay-gradient":""},"tablet":{"background-color":"var(--ast-global-color-5)","background-image":"","background-repeat":"repeat","background-position":"center center","background-size":"auto","background-attachment":"scroll","background-type":"","background-media":"","overlay-type":"","overlay-color":"","overlay-opacity":"","overlay-gradient":""},"mobile":{"background-color":"var(--ast-global-color-5)","background-image":"","background-repeat":"repeat","background-position":"center center","background-size":"auto","background-attachment":"scroll","background-type":"","background-media":"","overlay-type":"","overlay-color":"","overlay-opacity":"","overlay-gradient":""}},"footnotes":""},"class_list":["post-5703","page","type-page","status-publish","hentry"],"_links":{"self":[{"href":"https:\/\/www.terminologia.it\/index.php\/wp-json\/wp\/v2\/pages\/5703","targetHints":{"allow":["GET"]}}],"collection":[{"href":"https:\/\/www.terminologia.it\/index.php\/wp-json\/wp\/v2\/pages"}],"about":[{"href":"https:\/\/www.terminologia.it\/index.php\/wp-json\/wp\/v2\/types\/page"}],"author":[{"embeddable":true,"href":"https:\/\/www.terminologia.it\/index.php\/wp-json\/wp\/v2\/users\/9"}],"replies":[{"embeddable":true,"href":"https:\/\/www.terminologia.it\/index.php\/wp-json\/wp\/v2\/comments?post=5703"}],"version-history":[{"count":31,"href":"https:\/\/www.terminologia.it\/index.php\/wp-json\/wp\/v2\/pages\/5703\/revisions"}],"predecessor-version":[{"id":5756,"href":"https:\/\/www.terminologia.it\/index.php\/wp-json\/wp\/v2\/pages\/5703\/revisions\/5756"}],"wp:attachment":[{"href":"https:\/\/www.terminologia.it\/index.php\/wp-json\/wp\/v2\/media?parent=5703"}],"curies":[{"name":"wp","href":"https:\/\/api.w.org\/{rel}","templated":true}]}}