{"id":5533,"date":"2022-09-01T11:33:31","date_gmt":"2022-09-01T09:33:31","guid":{"rendered":"https:\/\/www.terminologia.it\/?page_id=5533"},"modified":"2022-11-02T10:07:43","modified_gmt":"2022-11-02T09:07:43","slug":"terme-more-ginseng","status":"publish","type":"page","link":"https:\/\/www.terminologia.it\/index.php\/terme-more-ginseng\/","title":{"rendered":"TerMe More &#8211; Ginseng"},"content":{"rendered":"\t\t<div data-elementor-type=\"wp-page\" data-elementor-id=\"5533\" class=\"elementor elementor-5533\">\n\t\t\t\t\t\t<section class=\"elementor-section elementor-top-section elementor-element elementor-element-2ac62105 elementor-section-content-top elementor-section-full_width elementor-section-stretched elementor-section-height-default elementor-section-height-default\" data-id=\"2ac62105\" data-element_type=\"section\" data-e-type=\"section\" data-settings=\"{&quot;background_background&quot;:&quot;classic&quot;,&quot;stretch_section&quot;:&quot;section-stretched&quot;,&quot;animation&quot;:&quot;none&quot;}\">\n\t\t\t\t\t\t\t<div class=\"elementor-background-overlay\"><\/div>\n\t\t\t\t\t\t\t<div class=\"elementor-container elementor-column-gap-default\">\n\t\t\t\t\t<div class=\"elementor-column elementor-col-100 elementor-top-column elementor-element elementor-element-36035b52\" data-id=\"36035b52\" data-element_type=\"column\" data-e-type=\"column\">\n\t\t\t<div class=\"elementor-widget-wrap elementor-element-populated\">\n\t\t\t\t\t\t<div class=\"elementor-element elementor-element-11d9cdad elementor-widget elementor-widget-spacer\" data-id=\"11d9cdad\" data-element_type=\"widget\" data-e-type=\"widget\" data-widget_type=\"spacer.default\">\n\t\t\t\t<div class=\"elementor-widget-container\">\n\t\t\t\t\t\t\t<div class=\"elementor-spacer\">\n\t\t\t<div class=\"elementor-spacer-inner\"><\/div>\n\t\t<\/div>\n\t\t\t\t\t\t<\/div>\n\t\t\t\t<\/div>\n\t\t\t\t<div class=\"elementor-element elementor-element-4c815091 elementor-widget elementor-widget-heading\" data-id=\"4c815091\" data-element_type=\"widget\" data-e-type=\"widget\" data-widget_type=\"heading.default\">\n\t\t\t\t<div class=\"elementor-widget-container\">\n\t\t\t\t\t<h2 class=\"elementor-heading-title elementor-size-default\">\n\nGinseng<\/h2>\t\t\t\t<\/div>\n\t\t\t\t<\/div>\n\t\t\t\t<div class=\"elementor-element elementor-element-287cfb6 elementor-widget elementor-widget-heading\" data-id=\"287cfb6\" data-element_type=\"widget\" data-e-type=\"widget\" data-widget_type=\"heading.default\">\n\t\t\t\t<div class=\"elementor-widget-container\">\n\t\t\t\t\t<h4 class=\"elementor-heading-title elementor-size-default\">Progetto TerMe More\n<\/h4>\t\t\t\t<\/div>\n\t\t\t\t<\/div>\n\t\t\t\t<div class=\"elementor-element elementor-element-4b177c76 elementor-widget elementor-widget-spacer\" data-id=\"4b177c76\" data-element_type=\"widget\" data-e-type=\"widget\" data-widget_type=\"spacer.default\">\n\t\t\t\t<div class=\"elementor-widget-container\">\n\t\t\t\t\t\t\t<div class=\"elementor-spacer\">\n\t\t\t<div class=\"elementor-spacer-inner\"><\/div>\n\t\t<\/div>\n\t\t\t\t\t\t<\/div>\n\t\t\t\t<\/div>\n\t\t\t\t\t<\/div>\n\t\t<\/div>\n\t\t\t\t\t<\/div>\n\t\t<\/section>\n\t\t\t\t<section class=\"elementor-section elementor-top-section elementor-element elementor-element-7567a816 elementor-section-boxed elementor-section-height-default elementor-section-height-default\" data-id=\"7567a816\" data-element_type=\"section\" data-e-type=\"section\">\n\t\t\t\t\t\t<div class=\"elementor-container elementor-column-gap-default\">\n\t\t\t\t\t<div class=\"elementor-column elementor-col-100 elementor-top-column elementor-element elementor-element-1a56ec19\" data-id=\"1a56ec19\" data-element_type=\"column\" data-e-type=\"column\">\n\t\t\t<div class=\"elementor-widget-wrap elementor-element-populated\">\n\t\t\t\t\t\t<div class=\"elementor-element elementor-element-61b395a4 elementor-widget elementor-widget-spacer\" data-id=\"61b395a4\" data-element_type=\"widget\" data-e-type=\"widget\" data-widget_type=\"spacer.default\">\n\t\t\t\t<div class=\"elementor-widget-container\">\n\t\t\t\t\t\t\t<div class=\"elementor-spacer\">\n\t\t\t<div class=\"elementor-spacer-inner\"><\/div>\n\t\t<\/div>\n\t\t\t\t\t\t<\/div>\n\t\t\t\t<\/div>\n\t\t\t\t\t<\/div>\n\t\t<\/div>\n\t\t\t\t\t<\/div>\n\t\t<\/section>\n\t\t\t\t<section class=\"elementor-section elementor-top-section elementor-element elementor-element-45068f98 elementor-section-boxed elementor-section-height-default elementor-section-height-default\" data-id=\"45068f98\" data-element_type=\"section\" data-e-type=\"section\">\n\t\t\t\t\t\t<div class=\"elementor-container elementor-column-gap-default\">\n\t\t\t\t\t<div class=\"elementor-column elementor-col-100 elementor-top-column elementor-element elementor-element-5ed1d88c\" data-id=\"5ed1d88c\" data-element_type=\"column\" data-e-type=\"column\">\n\t\t\t<div class=\"elementor-widget-wrap elementor-element-populated\">\n\t\t\t\t\t\t\t<\/div>\n\t\t<\/div>\n\t\t\t\t\t<\/div>\n\t\t<\/section>\n\t\t\t\t<section class=\"elementor-section elementor-top-section elementor-element elementor-element-7579e36b elementor-section-content-top elementor-section-boxed elementor-section-height-default elementor-section-height-default\" data-id=\"7579e36b\" data-element_type=\"section\" data-e-type=\"section\">\n\t\t\t\t\t\t<div class=\"elementor-container elementor-column-gap-no\">\n\t\t\t\t\t<div class=\"elementor-column elementor-col-50 elementor-top-column elementor-element elementor-element-70fe92d6\" data-id=\"70fe92d6\" data-element_type=\"column\" data-e-type=\"column\">\n\t\t\t<div class=\"elementor-widget-wrap elementor-element-populated\">\n\t\t\t\t\t\t<div class=\"elementor-element elementor-element-7c4dff2a elementor-widget elementor-widget-heading\" data-id=\"7c4dff2a\" data-element_type=\"widget\" data-e-type=\"widget\" data-widget_type=\"heading.default\">\n\t\t\t\t<div class=\"elementor-widget-container\">\n\t\t\t\t\t<h2 class=\"elementor-heading-title elementor-size-default\">Ginseng<\/h2>\t\t\t\t<\/div>\n\t\t\t\t<\/div>\n\t\t\t\t<div class=\"elementor-element elementor-element-27043b78 elementor-widget elementor-widget-heading\" data-id=\"27043b78\" data-element_type=\"widget\" data-e-type=\"widget\" data-widget_type=\"heading.default\">\n\t\t\t\t<div class=\"elementor-widget-container\">\n\t\t\t\t\t<h3 class=\"elementor-heading-title elementor-size-default\">Storia del Ginseng\n<\/h3>\t\t\t\t<\/div>\n\t\t\t\t<\/div>\n\t\t\t\t<div class=\"elementor-element elementor-element-78a3a167 elementor-widget elementor-widget-heading\" data-id=\"78a3a167\" data-element_type=\"widget\" data-e-type=\"widget\" data-widget_type=\"heading.default\">\n\t\t\t\t<div class=\"elementor-widget-container\">\n\t\t\t\t\t<h3 class=\"elementor-heading-title elementor-size-default\">Di una radice dalla forma umana e di collegamenti concettuali tra oriente e occidente, ovvero tra concetto, termine e oggetto \n<\/h3>\t\t\t\t<\/div>\n\t\t\t\t<\/div>\n\t\t\t\t<div class=\"elementor-element elementor-element-bd6dfcf elementor-widget elementor-widget-heading\" data-id=\"bd6dfcf\" data-element_type=\"widget\" data-e-type=\"widget\" data-widget_type=\"heading.default\">\n\t\t\t\t<div class=\"elementor-widget-container\">\n\t\t\t\t\t<h3 class=\"elementor-heading-title elementor-size-default\">Progetto TerMe More - Storie di Termini\n<\/h3>\t\t\t\t<\/div>\n\t\t\t\t<\/div>\n\t\t\t\t\t<\/div>\n\t\t<\/div>\n\t\t\t\t<div class=\"elementor-column elementor-col-50 elementor-top-column elementor-element elementor-element-74f0e5eb\" data-id=\"74f0e5eb\" data-element_type=\"column\" data-e-type=\"column\">\n\t\t\t<div class=\"elementor-widget-wrap elementor-element-populated\">\n\t\t\t\t\t\t<div class=\"elementor-element elementor-element-358c4caf elementor-widget elementor-widget-text-editor\" data-id=\"358c4caf\" data-element_type=\"widget\" data-e-type=\"widget\" data-widget_type=\"text-editor.default\">\n\t\t\t\t<div class=\"elementor-widget-container\">\n\t\t\t\t\t\t\t\t\t<p>Il nostro racconto di storie di terminologia prosegue oggi con la scoperta di un termine che, originario della<strong><em> Cina, <\/em><\/strong>\u00e8 oggi largamente in uso anche nel nostro continente: <strong><em>Ginseng<\/em><\/strong>. L\u2019origine del termine \u00e8 legata alla forma dell\u2019oggetto a cui questo \u00e8 associato nella realt\u00e0, ossia una radice. In questa occasione, ci piacerebbe riflettere, in particolare, proprio sulla relazione che esiste in terminologia tra <strong><em>concetto<\/em><\/strong>, <strong><em>termine<\/em><\/strong> e <strong><em>oggetto <\/em><\/strong>nel mondo reale, e su come questi si influenzino reciprocamente nel corso del loro processo di formazione, e anche oltre.<\/p><p>Il termine <strong><em>Ginseng<\/em><\/strong> che noi usiamo nella versione traslitterata dal cinese all\u2019inglese deriva dal <strong><em>cinese Hokkien <\/em><\/strong><strong><em>j\u00een-sim<\/em><\/strong> (\u4eba\u8518) ed \u00e8 composto da due caratteri del cinese antico che, usati in combinazione, assumono il significato di <strong><em>radice di pianta con forme umane<\/em><\/strong>.<\/p><p>Il primo carattere cinese, \u4eba (<strong>r\u00e9n<\/strong>), significa <strong><em>persona<\/em><\/strong>, essere umano, e raffigura infatti un <strong><em>pittogramma<\/em><\/strong> semplificato di una <strong><em>figura umana <\/em><\/strong>che cammina. Il secondo, \u53c2 (<strong>sh\u0113n<\/strong>), \u00e8 ancora pi\u00f9 interessante per la nostra ricerca terminologica, in quanto assume <strong><em>molteplici significati<\/em><\/strong>, in relazione alla <strong><em>pronuncia<\/em><\/strong>. Molto affascinante \u00e8 il fatto che, nonostante i suoi significati siano diversi tra loro, questi siano per\u00f2 tutti legati al concetto di <strong><em>numero tre<\/em><\/strong> (<strong>s\u0101n<\/strong>, \u4e09), e a verbi quali: <strong><em>partecipare <\/em><\/strong>(\u53c2\u52a0), <strong><em>prendere parte,<\/em><\/strong> <strong><em>consultare<\/em><\/strong> e <strong><em>consigliare <\/em><\/strong>(\u53c2\u9605). Oltre che nei suoi significati di prendere parte e partecipare, il carattere \u00e8 associato infatti anche al concetto di <strong><em>divisione in parti<\/em><\/strong>, come, tra le altre, nella combinazione di caratteri che in cinese identifica<strong><em> \u2018la met\u00e0 di qualcosa\u2019 <\/em><\/strong>(\u53c2\u534a). In astronomia, inoltre, il carattere cinese \u53c2 (<strong>sh\u0113n<\/strong>) \u00e8 utilizzato per indicare la <strong><em>Cintura di Orione, <\/em><\/strong>composta appunto da tre parti e, nello specifico, da <strong><em>tre stelle.<\/em><\/strong> In combinazione con altri, invece, questo carattere si collega a significati come spirito, <strong><em>respiro<\/em><\/strong>, identit\u00e0 e vita. Se sostituiamo il primo tono <strong><em>sh\u0113n<\/em><\/strong> con il secondo <strong><em>sh\u00e9n<\/em><\/strong>, otteniamo, inoltre, un fonema che pu\u00f2 essere tradotto come divinit\u00e0, <strong><em>spirito naturale<\/em><\/strong> e genio.<\/p><p>Particolarmente rilevante \u00e8 inoltre pensare come un simile <strong><em>collegamento concettuale<\/em><\/strong> sia presente anche nelle <strong><em>lingue indoeuropee<\/em><\/strong>. Tra gli altri, il verbo greco antico<strong><em> kr\u00ecno <\/em><\/strong>(\u03ba\u03c1\u03af\u03bd\u03c9), da cui hanno origine termini dell\u2019italiano odierno quali <strong><em>critico<\/em><\/strong>, <strong><em>criticare<\/em><\/strong> e <strong><em>crisi<\/em><\/strong>, secondo quanto riportato dalle nostre fonti, avrebbe il significato originale di <strong><em>separare in parti<\/em><\/strong>, e deriverebbe dalla divisione del raccolto in <strong><em>agricoltura<\/em><\/strong>. Sempre secondo le nostre fonti, questo verbo sarebbe stato usato anticamente <strong>durante la<em> trebbiatura<\/em><\/strong>, ossia l\u2019attivit\u00e0 finale nella raccolta del grano, svolta all\u2019atto di separare la granella, il frumento, la paglia e la pula. Da qui, avrebbe origine il significato di <strong><em>separare in parti<\/em><\/strong> e, per derivazione, quello di <strong><em>scegliere<\/em><\/strong>. Nel suo significato originale quindi, la <strong><em>crisi<\/em><\/strong>, altro non sarebbe che una <strong><em>separazione<\/em><\/strong>, una <strong><em>scelta tra parti.<\/em><\/strong><\/p><p>In tutto questo, il <strong><em>concetto di radice<\/em><\/strong> non sembra essere particolarmente evidente nel termine <strong><em>Ginseng<\/em><\/strong>, o radice dalla forma umana. Tuttavia, se si sostituisce l\u2019iniziale <strong><em>sh<\/em><\/strong> in <strong><em>sh\u0113n<\/em><\/strong> con \u2018g\u2019, ottenendo cos\u00ec la sillaba <strong><em>g\u0113n<\/em><\/strong>, questa ha normalmente il significato di <strong><em>radice<\/em><\/strong>, identificato con il carattere cinese \u6839. La forma scritta e fonetica del termine <strong><em>\u0159\u00e9n-\u0161\u0113n<\/em><\/strong>, nel cinese comune, evoca diverse interpretazioni, che spaziano da <strong><em>radice dell\u2019uomo<\/em><\/strong>, a <strong><em>consigliere dell\u2019uomo<\/em><\/strong>, fino ad interpretazioni pi\u00f9 fantasiose.<\/p><p>Riguardo invece il <strong><em>termine latino scientifico<\/em><\/strong> che identifica la radice di <strong><em>Ginseng<\/em><\/strong>, <strong><em>Panax ginseng<\/em><\/strong>, le nostre fonti riportano come il termine abbia avuto origine con <strong><em>Linneo<\/em><\/strong>, che gi\u00e0 conosceva, nel XVIII secolo, le molte virt\u00f9 di questo rimedio naturale: il nome scientifico condivide infatti la sua <strong><em>radice<\/em><\/strong> con il termine <strong><em>Panacea<\/em><\/strong>.<\/p><p>Speriamo, infine, che questo breve viaggio tra il <strong><em>cinese<\/em><\/strong><strong><em> Hokkien, il<\/em><\/strong> <strong><em>greco antico<\/em><\/strong> e <strong><em>l\u2019inglese<\/em><\/strong> vi abbia fatto riflettere sul <strong><em>collegamento<\/em><\/strong> tra caratteri cinesi e terminologia scientifica occidentale, ma soprattutto sull\u2019importanza della relazione tra la <strong><em>realt\u00e0<\/em><\/strong> e la formazione dei <strong><em>termini<\/em><\/strong> che la identificano. In particolare, nel pittogramma semplificato \u4eba (<strong>r\u00e9n<\/strong>), che in cinese identifica la <strong><em>persona<\/em><\/strong>, in quanto essere umano, il collegamento tra <strong><em>concetto<\/em><\/strong> e <strong><em>pittogramma<\/em><\/strong> risulta particolarmente affascinante dal punto di vista terminologico. Lo stesso pittogramma \u00e8 presente, ad esempio, nel sostantivo che in cinese identifica la Cina, come Repubblica <strong><em>Popolare<\/em><\/strong> Cinese (\u4e2d\u534e\u4eba\u6c11\u5171\u548c\u56fd, <em>Zh\u014dnghu\u00e1 <strong>R\u00e9n<\/strong>m\u00edn G\u00f2ngh\u00e9gu\u00f3)<\/em> e, nello specifico, come parte dell\u2019aggettivo popolare, ossia relativo alle persone.<\/p><p>Al prossimo termine!<\/p><p>Sitografia<\/p><p>Articolo sul termine cinese Ginseng: <a href=\"https:\/\/adaptogens.com\/c-578.aspx?_ga=2.130480330.455461349.1652623449-806861667.1652623449\">https:\/\/adaptogens.com\/c-578.aspx?_ga=2.130480330.455461349.1652623449-806861667.1652623449<\/a> (visitata 19.06.2022)<\/p><p>Chinese Character Dictionary: <a href=\"https:\/\/www.mandarintools.com\/chardict.html\">https:\/\/www.mandarintools.com\/chardict.html<\/a> (visitata 19.06.2022)<\/p><p>Chinese Tools.com: <a href=\"https:\/\/www.chinese-tools.com\/tools\/dictionary.html\">https:\/\/www.chinese-tools.com\/tools\/dictionary.html<\/a> (visitata 19.06.2022)<\/p><p>EtimologicaMente.com: Pagina del termine \u2018Criterio\u2019: <a href=\"http:\/\/etimologicamania.blogspot.com\/2015\/08\/etimologia-di-criterio.html\">http:\/\/etimologicamania.blogspot.com\/2015\/08\/etimologia-di-criterio.html<\/a> (visitata 19.06.2022)<\/p><p>In viaggio col mammuth.com: Pagina del termine \u2018Crisi\u2019: <a href=\"https:\/\/www.inviaggiocolmammuth.com\/post\/la-parola-crisi-deriva-dal-greco-e-significa-scelta\">https:\/\/www.inviaggiocolmammuth.com\/post\/la-parola-crisi-deriva-dal-greco-e-significa-scelta<\/a> (visitata 19.06.2022)<\/p><p>Una parola al giorno.it: Pagina del termine \u2018Criterio\u2019: <a href=\"https:\/\/unaparolaalgiorno.it\/significato\/criterio\">https:\/\/unaparolaalgiorno.it\/significato\/criterio<\/a> (visitata 19.06.2022)<\/p><p>Wikipedia (EN) Ginseng: <a href=\"https:\/\/en.wikipedia.org\/wiki\/Ginseng\">https:\/\/en.wikipedia.org\/wiki\/Ginseng<\/a> (visitata 19.06.2022)<\/p><p>Wikipedia (IT) Cina: <a href=\"https:\/\/it.wikipedia.org\/wiki\/Cina\">https:\/\/it.wikipedia.org\/wiki\/Cina<\/a> (visitata 19.06.2022)<\/p><p>Wikipedia (IT) Shen:\u00a0 <a href=\"https:\/\/it.wikipedia.org\/wiki\/Shen_(medicina_cinese)\">https:\/\/it.wikipedia.org\/wiki\/Shen_(medicina_cinese)<\/a> (visitata 19.06.2022)<\/p><p>Zhongwen.com: <a href=\"http:\/\/zhongwen.com\/\">http:\/\/zhongwen.com\/<\/a> (visitata 19.06.2022)<\/p>\t\t\t\t\t\t\t\t<\/div>\n\t\t\t\t<\/div>\n\t\t\t\t\t<\/div>\n\t\t<\/div>\n\t\t\t\t\t<\/div>\n\t\t<\/section>\n\t\t\t\t<\/div>\n\t\t","protected":false},"excerpt":{"rendered":"<p>Ginseng Progetto TerMe More Ginseng Storia del Ginseng Di una radice dalla forma umana e di collegamenti concettuali tra oriente e occidente, ovvero tra concetto, termine e oggetto Progetto TerMe More &#8211; Storie di Termini Il nostro racconto di storie di terminologia prosegue oggi con la scoperta di un termine che, originario della Cina, \u00e8 [&hellip;]<\/p>\n","protected":false},"author":9,"featured_media":5530,"parent":0,"menu_order":0,"comment_status":"closed","ping_status":"closed","template":"","meta":{"site-sidebar-layout":"no-sidebar","site-content-layout":"page-builder","ast-site-content-layout":"default","site-content-style":"default","site-sidebar-style":"default","ast-global-header-display":"","ast-banner-title-visibility":"","ast-main-header-display":"","ast-hfb-above-header-display":"","ast-hfb-below-header-display":"","ast-hfb-mobile-header-display":"","site-post-title":"disabled","ast-breadcrumbs-content":"","ast-featured-img":"disabled","footer-sml-layout":"","ast-disable-related-posts":"","theme-transparent-header-meta":"default","adv-header-id-meta":"","stick-header-meta":"","header-above-stick-meta":"","header-main-stick-meta":"","header-below-stick-meta":"","astra-migrate-meta-layouts":"default","ast-page-background-enabled":"default","ast-page-background-meta":{"desktop":{"background-color":"","background-image":"","background-repeat":"repeat","background-position":"center center","background-size":"auto","background-attachment":"scroll","background-type":"","background-media":"","overlay-type":"","overlay-color":"","overlay-opacity":"","overlay-gradient":""},"tablet":{"background-color":"","background-image":"","background-repeat":"repeat","background-position":"center center","background-size":"auto","background-attachment":"scroll","background-type":"","background-media":"","overlay-type":"","overlay-color":"","overlay-opacity":"","overlay-gradient":""},"mobile":{"background-color":"","background-image":"","background-repeat":"repeat","background-position":"center center","background-size":"auto","background-attachment":"scroll","background-type":"","background-media":"","overlay-type":"","overlay-color":"","overlay-opacity":"","overlay-gradient":""}},"ast-content-background-meta":{"desktop":{"background-color":"var(--ast-global-color-5)","background-image":"","background-repeat":"repeat","background-position":"center center","background-size":"auto","background-attachment":"scroll","background-type":"","background-media":"","overlay-type":"","overlay-color":"","overlay-opacity":"","overlay-gradient":""},"tablet":{"background-color":"var(--ast-global-color-5)","background-image":"","background-repeat":"repeat","background-position":"center center","background-size":"auto","background-attachment":"scroll","background-type":"","background-media":"","overlay-type":"","overlay-color":"","overlay-opacity":"","overlay-gradient":""},"mobile":{"background-color":"var(--ast-global-color-5)","background-image":"","background-repeat":"repeat","background-position":"center center","background-size":"auto","background-attachment":"scroll","background-type":"","background-media":"","overlay-type":"","overlay-color":"","overlay-opacity":"","overlay-gradient":""}},"footnotes":""},"class_list":["post-5533","page","type-page","status-publish","has-post-thumbnail","hentry"],"_links":{"self":[{"href":"https:\/\/www.terminologia.it\/index.php\/wp-json\/wp\/v2\/pages\/5533","targetHints":{"allow":["GET"]}}],"collection":[{"href":"https:\/\/www.terminologia.it\/index.php\/wp-json\/wp\/v2\/pages"}],"about":[{"href":"https:\/\/www.terminologia.it\/index.php\/wp-json\/wp\/v2\/types\/page"}],"author":[{"embeddable":true,"href":"https:\/\/www.terminologia.it\/index.php\/wp-json\/wp\/v2\/users\/9"}],"replies":[{"embeddable":true,"href":"https:\/\/www.terminologia.it\/index.php\/wp-json\/wp\/v2\/comments?post=5533"}],"version-history":[{"count":24,"href":"https:\/\/www.terminologia.it\/index.php\/wp-json\/wp\/v2\/pages\/5533\/revisions"}],"predecessor-version":[{"id":5605,"href":"https:\/\/www.terminologia.it\/index.php\/wp-json\/wp\/v2\/pages\/5533\/revisions\/5605"}],"wp:featuredmedia":[{"embeddable":true,"href":"https:\/\/www.terminologia.it\/index.php\/wp-json\/wp\/v2\/media\/5530"}],"wp:attachment":[{"href":"https:\/\/www.terminologia.it\/index.php\/wp-json\/wp\/v2\/media?parent=5533"}],"curies":[{"name":"wp","href":"https:\/\/api.w.org\/{rel}","templated":true}]}}