{"id":5420,"date":"2022-06-01T17:10:58","date_gmt":"2022-06-01T15:10:58","guid":{"rendered":"https:\/\/www.terminologia.it\/?page_id=5420"},"modified":"2022-06-20T16:49:54","modified_gmt":"2022-06-20T14:49:54","slug":"italiano-termemore-poutre","status":"publish","type":"page","link":"https:\/\/www.terminologia.it\/index.php\/italiano-termemore-poutre\/","title":{"rendered":"TerMeMore &#8211; Poutre"},"content":{"rendered":"\t\t<div data-elementor-type=\"wp-page\" data-elementor-id=\"5420\" class=\"elementor elementor-5420\">\n\t\t\t\t\t\t<section class=\"elementor-section elementor-top-section elementor-element elementor-element-6fe48a36 elementor-section-content-top elementor-section-full_width elementor-section-stretched elementor-section-height-default elementor-section-height-default\" data-id=\"6fe48a36\" data-element_type=\"section\" data-e-type=\"section\" data-settings=\"{&quot;background_background&quot;:&quot;classic&quot;,&quot;stretch_section&quot;:&quot;section-stretched&quot;,&quot;animation&quot;:&quot;none&quot;}\">\n\t\t\t\t\t\t\t<div class=\"elementor-background-overlay\"><\/div>\n\t\t\t\t\t\t\t<div class=\"elementor-container elementor-column-gap-default\">\n\t\t\t\t\t<div class=\"elementor-column elementor-col-100 elementor-top-column elementor-element elementor-element-4cb4207b\" data-id=\"4cb4207b\" data-element_type=\"column\" data-e-type=\"column\">\n\t\t\t<div class=\"elementor-widget-wrap elementor-element-populated\">\n\t\t\t\t\t\t<div class=\"elementor-element elementor-element-19fcc5cc elementor-widget elementor-widget-spacer\" data-id=\"19fcc5cc\" data-element_type=\"widget\" data-e-type=\"widget\" data-widget_type=\"spacer.default\">\n\t\t\t\t<div class=\"elementor-widget-container\">\n\t\t\t\t\t\t\t<div class=\"elementor-spacer\">\n\t\t\t<div class=\"elementor-spacer-inner\"><\/div>\n\t\t<\/div>\n\t\t\t\t\t\t<\/div>\n\t\t\t\t<\/div>\n\t\t\t\t<div class=\"elementor-element elementor-element-55e42cc2 elementor-widget elementor-widget-heading\" data-id=\"55e42cc2\" data-element_type=\"widget\" data-e-type=\"widget\" data-widget_type=\"heading.default\">\n\t\t\t\t<div class=\"elementor-widget-container\">\n\t\t\t\t\t<h2 class=\"elementor-heading-title elementor-size-default\">\n\nPoutre<\/h2>\t\t\t\t<\/div>\n\t\t\t\t<\/div>\n\t\t\t\t<div class=\"elementor-element elementor-element-5b574c90 elementor-widget elementor-widget-heading\" data-id=\"5b574c90\" data-element_type=\"widget\" data-e-type=\"widget\" data-widget_type=\"heading.default\">\n\t\t\t\t<div class=\"elementor-widget-container\">\n\t\t\t\t\t<h4 class=\"elementor-heading-title elementor-size-default\">Progetto TerMe More\n<\/h4>\t\t\t\t<\/div>\n\t\t\t\t<\/div>\n\t\t\t\t<div class=\"elementor-element elementor-element-1b845f5 elementor-widget elementor-widget-spacer\" data-id=\"1b845f5\" data-element_type=\"widget\" data-e-type=\"widget\" data-widget_type=\"spacer.default\">\n\t\t\t\t<div class=\"elementor-widget-container\">\n\t\t\t\t\t\t\t<div class=\"elementor-spacer\">\n\t\t\t<div class=\"elementor-spacer-inner\"><\/div>\n\t\t<\/div>\n\t\t\t\t\t\t<\/div>\n\t\t\t\t<\/div>\n\t\t\t\t\t<\/div>\n\t\t<\/div>\n\t\t\t\t\t<\/div>\n\t\t<\/section>\n\t\t\t\t<section class=\"elementor-section elementor-top-section elementor-element elementor-element-366d7f23 elementor-section-full_width elementor-section-height-default elementor-section-height-default\" data-id=\"366d7f23\" data-element_type=\"section\" data-e-type=\"section\">\n\t\t\t\t\t\t<div class=\"elementor-container elementor-column-gap-default\">\n\t\t\t\t\t<div class=\"elementor-column elementor-col-100 elementor-top-column elementor-element elementor-element-18f94e9b\" data-id=\"18f94e9b\" data-element_type=\"column\" data-e-type=\"column\">\n\t\t\t<div class=\"elementor-widget-wrap elementor-element-populated\">\n\t\t\t\t\t\t<div class=\"elementor-element elementor-element-35855c0e elementor-widget elementor-widget-spacer\" data-id=\"35855c0e\" data-element_type=\"widget\" data-e-type=\"widget\" data-widget_type=\"spacer.default\">\n\t\t\t\t<div class=\"elementor-widget-container\">\n\t\t\t\t\t\t\t<div class=\"elementor-spacer\">\n\t\t\t<div class=\"elementor-spacer-inner\"><\/div>\n\t\t<\/div>\n\t\t\t\t\t\t<\/div>\n\t\t\t\t<\/div>\n\t\t\t\t<div class=\"elementor-element elementor-element-5f9248ab elementor-widget elementor-widget-spacer\" data-id=\"5f9248ab\" data-element_type=\"widget\" data-e-type=\"widget\" data-widget_type=\"spacer.default\">\n\t\t\t\t<div class=\"elementor-widget-container\">\n\t\t\t\t\t\t\t<div class=\"elementor-spacer\">\n\t\t\t<div class=\"elementor-spacer-inner\"><\/div>\n\t\t<\/div>\n\t\t\t\t\t\t<\/div>\n\t\t\t\t<\/div>\n\t\t\t\t\t<\/div>\n\t\t<\/div>\n\t\t\t\t\t<\/div>\n\t\t<\/section>\n\t\t\t\t<section class=\"elementor-section elementor-top-section elementor-element elementor-element-4a1a4ae5 elementor-section-boxed elementor-section-height-default elementor-section-height-default\" data-id=\"4a1a4ae5\" data-element_type=\"section\" data-e-type=\"section\">\n\t\t\t\t\t\t<div class=\"elementor-container elementor-column-gap-default\">\n\t\t\t\t\t<div class=\"elementor-column elementor-col-100 elementor-top-column elementor-element elementor-element-69d6332b\" data-id=\"69d6332b\" data-element_type=\"column\" data-e-type=\"column\">\n\t\t\t<div class=\"elementor-widget-wrap elementor-element-populated\">\n\t\t\t\t\t\t<div class=\"elementor-element elementor-element-2afdb8ef elementor-widget elementor-widget-spacer\" data-id=\"2afdb8ef\" data-element_type=\"widget\" data-e-type=\"widget\" data-widget_type=\"spacer.default\">\n\t\t\t\t<div class=\"elementor-widget-container\">\n\t\t\t\t\t\t\t<div class=\"elementor-spacer\">\n\t\t\t<div class=\"elementor-spacer-inner\"><\/div>\n\t\t<\/div>\n\t\t\t\t\t\t<\/div>\n\t\t\t\t<\/div>\n\t\t\t\t\t<\/div>\n\t\t<\/div>\n\t\t\t\t\t<\/div>\n\t\t<\/section>\n\t\t\t\t<section class=\"elementor-section elementor-top-section elementor-element elementor-element-57046a77 elementor-section-boxed elementor-section-height-default elementor-section-height-default\" data-id=\"57046a77\" data-element_type=\"section\" data-e-type=\"section\">\n\t\t\t\t\t\t<div class=\"elementor-container elementor-column-gap-default\">\n\t\t\t\t\t<div class=\"elementor-column elementor-col-100 elementor-top-column elementor-element elementor-element-584c236e\" data-id=\"584c236e\" data-element_type=\"column\" data-e-type=\"column\">\n\t\t\t<div class=\"elementor-widget-wrap elementor-element-populated\">\n\t\t\t\t\t\t\t<\/div>\n\t\t<\/div>\n\t\t\t\t\t<\/div>\n\t\t<\/section>\n\t\t\t\t<section class=\"elementor-section elementor-top-section elementor-element elementor-element-2b387202 elementor-section-content-top elementor-section-boxed elementor-section-height-default elementor-section-height-default\" data-id=\"2b387202\" data-element_type=\"section\" data-e-type=\"section\">\n\t\t\t\t\t\t<div class=\"elementor-container elementor-column-gap-no\">\n\t\t\t\t\t<div class=\"elementor-column elementor-col-50 elementor-top-column elementor-element elementor-element-a014f0\" data-id=\"a014f0\" data-element_type=\"column\" data-e-type=\"column\">\n\t\t\t<div class=\"elementor-widget-wrap elementor-element-populated\">\n\t\t\t\t\t\t<div class=\"elementor-element elementor-element-6804c8f3 elementor-widget elementor-widget-heading\" data-id=\"6804c8f3\" data-element_type=\"widget\" data-e-type=\"widget\" data-widget_type=\"heading.default\">\n\t\t\t\t<div class=\"elementor-widget-container\">\n\t\t\t\t\t<h2 class=\"elementor-heading-title elementor-size-default\">Poutre<\/h2>\t\t\t\t<\/div>\n\t\t\t\t<\/div>\n\t\t\t\t<div class=\"elementor-element elementor-element-4b5cd9ae elementor-widget elementor-widget-heading\" data-id=\"4b5cd9ae\" data-element_type=\"widget\" data-e-type=\"widget\" data-widget_type=\"heading.default\">\n\t\t\t\t<div class=\"elementor-widget-container\">\n\t\t\t\t\t<h3 class=\"elementor-heading-title elementor-size-default\">Storia della trave: da poutre a putrella\n<\/h3>\t\t\t\t<\/div>\n\t\t\t\t<\/div>\n\t\t\t\t<div class=\"elementor-element elementor-element-4d59eb1 elementor-widget elementor-widget-heading\" data-id=\"4d59eb1\" data-element_type=\"widget\" data-e-type=\"widget\" data-widget_type=\"heading.default\">\n\t\t\t\t<div class=\"elementor-widget-container\">\n\t\t\t\t\t<h3 class=\"elementor-heading-title elementor-size-default\">Ovvero, del collegamento concettuale tra architettura e mondo animale, tra francese, italiano e tedesco\n<\/h3>\t\t\t\t<\/div>\n\t\t\t\t<\/div>\n\t\t\t\t<div class=\"elementor-element elementor-element-3181b7bf elementor-widget elementor-widget-heading\" data-id=\"3181b7bf\" data-element_type=\"widget\" data-e-type=\"widget\" data-widget_type=\"heading.default\">\n\t\t\t\t<div class=\"elementor-widget-container\">\n\t\t\t\t\t<h3 class=\"elementor-heading-title elementor-size-default\">Progetto TerMe More - Storie di termini\n<\/h3>\t\t\t\t<\/div>\n\t\t\t\t<\/div>\n\t\t\t\t\t<\/div>\n\t\t<\/div>\n\t\t\t\t<div class=\"elementor-column elementor-col-50 elementor-top-column elementor-element elementor-element-3ed04a68\" data-id=\"3ed04a68\" data-element_type=\"column\" data-e-type=\"column\">\n\t\t\t<div class=\"elementor-widget-wrap elementor-element-populated\">\n\t\t\t\t\t\t<div class=\"elementor-element elementor-element-18e5e932 elementor-widget elementor-widget-text-editor\" data-id=\"18e5e932\" data-element_type=\"widget\" data-e-type=\"widget\" data-widget_type=\"text-editor.default\">\n\t\t\t\t<div class=\"elementor-widget-container\">\n\t\t\t\t\t\t\t\t\t<p>Il nostro viaggio attraverso i termini ci porta oggi in <strong>Francia<\/strong>, alla scoperta di uno dei tanti elementi architettonici, il cui nome ha avuto origine nel mondo animale. Nello specifico, questo contributo vorrebbe riflettere sull\u2019importanza dei <strong>concetti<\/strong> in terminologia, identificati con termini diversi, a seconda dell\u2019ambito di utilizzo. Pi\u00f9 che la storia di un termine, vi proponiamo quindi la <strong>storia di un<\/strong> <strong>concetto<\/strong> che, nato in un campo semantico, \u00e8 stato trasportato in un altro.<\/p>\n<p>Il concetto che vi presentiamo \u00e8 quello identificato dal termine <strong>poutre<\/strong>, la <strong>trave<\/strong> in francese, il cui nome ha origine nell\u2019affinit\u00e0 con il <strong>puledro<\/strong>, o animale da soma, con cui condivide la caratteristica di essere qualcosa che porta un peso.<\/p>\n<p>Saussure (1983:113) in persona, nel suo <em>Corso di Linguistica Generale<\/em>, utilizza il termine francese <strong>poutre<\/strong> come esempio di un cambiamento semantico nella storia della lingua: nel lessico architettonico, il termine <strong>poutre<\/strong>, dal francese arcaico <strong>giumenta<\/strong>, ha assunto il significato di \u2018pezzo di legno o trave\u2019 per un \u2018incidente della storia\u2019, come se ne vedono tanti nella lingua:<\/p>\n<p>Per i fatti semantici, ci si rende conto di ci\u00f2 immediatamente; se il francese <strong><em>poutre<\/em><\/strong> \u00ab<strong>giumenta<\/strong>\u00bb, ha preso il senso di \u00ab<strong>pezzo di legno o trave<\/strong>\u00bb, questo \u00e8 dovuto a delle cause particolari e non dipende da altri cambiamenti che abbiano potuto prodursi nel medesimo tempo; si tratta soltanto di un accidente tra tutti quelli che registra la storia di una lingua. (Saussure 1983:113)<\/p>\n<p>Davanti alla necessit\u00e0 di denominare gli <strong>elementi portanti<\/strong> delle strutture in legno, i costruttori dell\u2019antichit\u00e0 hanno presumibilmente fatto riferimento al <strong>concetto<\/strong> esistente a loro pi\u00f9 vicino, di <strong>qualcosa che porta un peso<\/strong>: l\u2019animale da soma, appunto. Come la <strong>giumenta<\/strong>, per definizione animale atto a sostenere un peso, cos\u00ec la <strong>trave<\/strong> in legno, elemento portante della costruzione, sostiene il peso della copertura.<\/p>\n<p>Il termine francese antico sembrerebbe essere stato <strong>poultre<\/strong>, cavalla, dal latino <strong>puletra<\/strong>, o <strong>poledra<\/strong>. Secondo il dizionario etimologico di Diez (1864), da qui deriva il termine contemporaneo <strong>poutre<\/strong>, la trave, cos\u00ec chiamata \u2018perch\u00e9 sostiene un peso, come un \u2018cavallo di legno\u2019 (Diez 1864:348). Sempre Diez cita, inoltre, come anche il termine tedesco <strong>Folter<\/strong>, strumento di tortura medievale in legno, derivi dal latino <strong>poledrus<\/strong>, con cui condivide la caratteristica di \u2018sostenere come un cavallo\u2019 (Diez 1864:348).<\/p>\n<p>La storia si rivela terminologicamente ancora pi\u00f9 interessante se pensiamo che esiste anche il diminutivo dello stesso termine, <strong>poutrelle<\/strong> in francese, che identifica una trave di sezione minore, da cui deriva l\u2019italiano <strong>putrella<\/strong>. Affascinante \u00e8 anche notare come il significato del termine sia cambiato nel tempo: se in origine la trave era esclusivamente in <strong>legno<\/strong>, oggi la \u2018putrella\u2019 \u00e8 definita dal Nuovo Dizionario De Mauro (2014) come: \u2018trave profilata <strong>d\u2019acciaio<\/strong>, di piccole dimensioni, con sezione a doppia T\u2019.<\/p>\n<p>Inoltre, nelle costruzioni moderne la <strong>putrella<\/strong>, come la trave in generale, pu\u00f2 essere portante o meno, avendo altres\u00ec una funzione puramente decorativa. Questo era impensabile al tempo in cui il concetto \u00e8 stato denominato: una propriet\u00e0 imprescindibile della<strong> trave<\/strong> era infatti quella di portare un peso. Se, col tempo, il significato e il materiale della <strong>putrella<\/strong> sono cambiati, la sua funzione originale rimane visibile nel suo <strong>nome<\/strong>.<\/p>\n<p>Ancora pi\u00f9 interessante \u00e8 notare come il termine <strong>putrella<\/strong> faccia parte di una <strong>famiglia di termini architettonici<\/strong> derivati dal mondo animale. Tra questi, la <strong>capriata<\/strong>, detta anche <strong>cavalletto <\/strong>o<strong> incavallatura,<\/strong> o il motivo a <strong>chevron<\/strong>: derivati dal termine latino <strong>capra<\/strong>, e che con questa condividono la forma del profilo. Non era inusuale, inoltre, richiamare il <strong>collegamento<\/strong> al mondo animale anche nella forma delle travi in legno, come si pu\u00f2 vedere dall\u2019immagine che accompagna questo articolo.<\/p>\n<p>Rimanendo, infine, in tema di cambiamenti di campo semantico, la storia del termine <strong>putrella<\/strong> \u00e8 molto simile a quanto accaduto al termine <strong>cocktail<\/strong>, il cui significato odierno poco ha a che fare con il mondo animale.<\/p>\n<p>Come sempre, ci auguriamo che questo articolo vi stimoli a riflettere sul collegamento tra termini e concetti, come anche sulle caratteristiche dei concetti, spesso condivise da ambiti lontani tra loro nella realt\u00e0, ma non per questo lontani <strong><em>semanticamente<\/em><\/strong><em>!<\/em><\/p>\n<p>Al prossimo termine!<\/p>\n<p>References<\/p>\n<p>De Mauro, Tullio (2014) Il Nuovo Dizionario della Lingua Italiana per il Terzo Millennio. Disponibile online: <a href=\"https:\/\/dizionario.internazionale.it\/\">https:\/\/dizionario.internazionale.it\/<\/a> (visitata 24.04.22)<\/p>\n<p>Diez, Friedrich C. (1864) An etymological dictionary of the Romance languages. London, Williams. Disponibile online: <a href=\"https:\/\/archive.org\/details\/etymologicaldict00diezuoft\">https:\/\/archive.org\/details\/etymologicaldict00diezuoft<\/a> (visitata 24.04.22)<\/p>\n<p>Saussure, De, Ferdinand (1983) <em>Corso di Linguistica Generale<\/em>. Bari: Laterza.<\/p>\n<p>Pagina del termine Poutre su Dicocitations, Le Dictionaire des citations: <a href=\"https:\/\/www.dicocitations.com\/definition_littre\/37107\/Poutre.php\">https:\/\/www.dicocitations.com\/definition_littre\/37107\/Poutre.php<\/a> (visitata 24.04.22)<\/p>\n<p>Pagina Wikipedia di Poutre: <a href=\"https:\/\/fr.wikipedia.org\/wiki\/Poutre_(construction)\">https:\/\/fr.wikipedia.org\/wiki\/Poutre_(construction)<\/a> (visitata 24.04.22)<\/p>\n<p>Pagina Wiktionary di Chevron: <a href=\"https:\/\/en.wiktionary.org\/wiki\/chevron#Etymology\">https:\/\/en.wiktionary.org\/wiki\/chevron#Etymology<\/a> &nbsp;(visitata 24.04.22)<\/p>\n<p>Immagine: dalla pagina Wikipedia di Poutre (francese):<\/p>\n<p>Poutre d\u00e9bordante sculpt\u00e9e d&#8217;une maison roumaine (XIX si\u00e8cle), Mus\u00e9e du village romain, Bucarest<\/p>\n<p>Traduzione dell\u2019autore: Trave a sbalzo intagliata da una casa rumena (XIX secolo) (Museo del Villaggio Rumeno, Bucarest)<\/p>\n<p><\/p>\t\t\t\t\t\t\t\t<\/div>\n\t\t\t\t<\/div>\n\t\t\t\t<div class=\"elementor-element elementor-element-39baedd elementor-widget elementor-widget-image\" data-id=\"39baedd\" data-element_type=\"widget\" data-e-type=\"widget\" data-widget_type=\"image.default\">\n\t\t\t\t<div class=\"elementor-widget-container\">\n\t\t\t\t\t\t\t\t\t\t\t\t\t\t\t<img fetchpriority=\"high\" decoding=\"async\" width=\"1024\" height=\"688\" src=\"https:\/\/www.terminologia.it\/wp-content\/uploads\/2022\/06\/3215px-Bucarest_Musee_Village_Castranova_poutre_cheval-1024x688.jpg\" class=\"attachment-large size-large wp-image-5423\" alt=\"\" srcset=\"https:\/\/www.terminologia.it\/wp-content\/uploads\/2022\/06\/3215px-Bucarest_Musee_Village_Castranova_poutre_cheval-1024x688.jpg 1024w, https:\/\/www.terminologia.it\/wp-content\/uploads\/2022\/06\/3215px-Bucarest_Musee_Village_Castranova_poutre_cheval-300x202.jpg 300w, https:\/\/www.terminologia.it\/wp-content\/uploads\/2022\/06\/3215px-Bucarest_Musee_Village_Castranova_poutre_cheval-768x516.jpg 768w, https:\/\/www.terminologia.it\/wp-content\/uploads\/2022\/06\/3215px-Bucarest_Musee_Village_Castranova_poutre_cheval-1536x1032.jpg 1536w, https:\/\/www.terminologia.it\/wp-content\/uploads\/2022\/06\/3215px-Bucarest_Musee_Village_Castranova_poutre_cheval-2048x1376.jpg 2048w\" sizes=\"(max-width: 1024px) 100vw, 1024px\" \/>\t\t\t\t\t\t\t\t\t\t\t\t\t\t\t<\/div>\n\t\t\t\t<\/div>\n\t\t\t\t\t<\/div>\n\t\t<\/div>\n\t\t\t\t\t<\/div>\n\t\t<\/section>\n\t\t\t\t<\/div>\n\t\t","protected":false},"excerpt":{"rendered":"<p>Poutre Progetto TerMe More Poutre Storia della trave: da poutre a putrella Ovvero, del collegamento concettuale tra architettura e mondo animale, tra francese, italiano e tedesco Progetto TerMe More &#8211; Storie di termini Il nostro viaggio attraverso i termini ci porta oggi in Francia, alla scoperta di uno dei tanti elementi architettonici, il cui nome [&hellip;]<\/p>\n","protected":false},"author":9,"featured_media":5424,"parent":0,"menu_order":0,"comment_status":"closed","ping_status":"closed","template":"","meta":{"site-sidebar-layout":"no-sidebar","site-content-layout":"page-builder","ast-site-content-layout":"default","site-content-style":"default","site-sidebar-style":"default","ast-global-header-display":"","ast-banner-title-visibility":"","ast-main-header-display":"","ast-hfb-above-header-display":"","ast-hfb-below-header-display":"","ast-hfb-mobile-header-display":"","site-post-title":"disabled","ast-breadcrumbs-content":"","ast-featured-img":"disabled","footer-sml-layout":"","ast-disable-related-posts":"","theme-transparent-header-meta":"default","adv-header-id-meta":"","stick-header-meta":"","header-above-stick-meta":"","header-main-stick-meta":"","header-below-stick-meta":"","astra-migrate-meta-layouts":"default","ast-page-background-enabled":"default","ast-page-background-meta":{"desktop":{"background-color":"","background-image":"","background-repeat":"repeat","background-position":"center center","background-size":"auto","background-attachment":"scroll","background-type":"","background-media":"","overlay-type":"","overlay-color":"","overlay-opacity":"","overlay-gradient":""},"tablet":{"background-color":"","background-image":"","background-repeat":"repeat","background-position":"center center","background-size":"auto","background-attachment":"scroll","background-type":"","background-media":"","overlay-type":"","overlay-color":"","overlay-opacity":"","overlay-gradient":""},"mobile":{"background-color":"","background-image":"","background-repeat":"repeat","background-position":"center center","background-size":"auto","background-attachment":"scroll","background-type":"","background-media":"","overlay-type":"","overlay-color":"","overlay-opacity":"","overlay-gradient":""}},"ast-content-background-meta":{"desktop":{"background-color":"var(--ast-global-color-5)","background-image":"","background-repeat":"repeat","background-position":"center center","background-size":"auto","background-attachment":"scroll","background-type":"","background-media":"","overlay-type":"","overlay-color":"","overlay-opacity":"","overlay-gradient":""},"tablet":{"background-color":"var(--ast-global-color-5)","background-image":"","background-repeat":"repeat","background-position":"center center","background-size":"auto","background-attachment":"scroll","background-type":"","background-media":"","overlay-type":"","overlay-color":"","overlay-opacity":"","overlay-gradient":""},"mobile":{"background-color":"var(--ast-global-color-5)","background-image":"","background-repeat":"repeat","background-position":"center center","background-size":"auto","background-attachment":"scroll","background-type":"","background-media":"","overlay-type":"","overlay-color":"","overlay-opacity":"","overlay-gradient":""}},"footnotes":""},"class_list":["post-5420","page","type-page","status-publish","has-post-thumbnail","hentry"],"_links":{"self":[{"href":"https:\/\/www.terminologia.it\/index.php\/wp-json\/wp\/v2\/pages\/5420","targetHints":{"allow":["GET"]}}],"collection":[{"href":"https:\/\/www.terminologia.it\/index.php\/wp-json\/wp\/v2\/pages"}],"about":[{"href":"https:\/\/www.terminologia.it\/index.php\/wp-json\/wp\/v2\/types\/page"}],"author":[{"embeddable":true,"href":"https:\/\/www.terminologia.it\/index.php\/wp-json\/wp\/v2\/users\/9"}],"replies":[{"embeddable":true,"href":"https:\/\/www.terminologia.it\/index.php\/wp-json\/wp\/v2\/comments?post=5420"}],"version-history":[{"count":18,"href":"https:\/\/www.terminologia.it\/index.php\/wp-json\/wp\/v2\/pages\/5420\/revisions"}],"predecessor-version":[{"id":5522,"href":"https:\/\/www.terminologia.it\/index.php\/wp-json\/wp\/v2\/pages\/5420\/revisions\/5522"}],"wp:featuredmedia":[{"embeddable":true,"href":"https:\/\/www.terminologia.it\/index.php\/wp-json\/wp\/v2\/media\/5424"}],"wp:attachment":[{"href":"https:\/\/www.terminologia.it\/index.php\/wp-json\/wp\/v2\/media?parent=5420"}],"curies":[{"name":"wp","href":"https:\/\/api.w.org\/{rel}","templated":true}]}}