{"id":5181,"date":"2022-03-25T19:48:12","date_gmt":"2022-03-25T18:48:12","guid":{"rendered":"https:\/\/www.terminologia.it\/?page_id=5181"},"modified":"2022-03-27T14:07:55","modified_gmt":"2022-03-27T12:07:55","slug":"italiano-il-nostro-nuovo-logo","status":"publish","type":"page","link":"https:\/\/www.terminologia.it\/index.php\/italiano-il-nostro-nuovo-logo\/","title":{"rendered":"(Italiano) Sul nostro nuovo logo"},"content":{"rendered":"\t\t<div data-elementor-type=\"wp-page\" data-elementor-id=\"5181\" class=\"elementor elementor-5181\">\n\t\t\t\t\t\t<section class=\"elementor-section elementor-top-section elementor-element elementor-element-1c48c987 elementor-section-content-top elementor-section-full_width elementor-section-stretched elementor-section-height-default elementor-section-height-default\" data-id=\"1c48c987\" data-element_type=\"section\" data-e-type=\"section\" data-settings=\"{&quot;background_background&quot;:&quot;classic&quot;,&quot;stretch_section&quot;:&quot;section-stretched&quot;,&quot;animation&quot;:&quot;none&quot;}\">\n\t\t\t\t\t\t\t<div class=\"elementor-background-overlay\"><\/div>\n\t\t\t\t\t\t\t<div class=\"elementor-container elementor-column-gap-default\">\n\t\t\t\t\t<div class=\"elementor-column elementor-col-100 elementor-top-column elementor-element elementor-element-ee2dd0e\" data-id=\"ee2dd0e\" data-element_type=\"column\" data-e-type=\"column\">\n\t\t\t<div class=\"elementor-widget-wrap elementor-element-populated\">\n\t\t\t\t\t\t<div class=\"elementor-element elementor-element-8ccf64b elementor-widget elementor-widget-spacer\" data-id=\"8ccf64b\" data-element_type=\"widget\" data-e-type=\"widget\" data-widget_type=\"spacer.default\">\n\t\t\t\t<div class=\"elementor-widget-container\">\n\t\t\t\t\t\t\t<div class=\"elementor-spacer\">\n\t\t\t<div class=\"elementor-spacer-inner\"><\/div>\n\t\t<\/div>\n\t\t\t\t\t\t<\/div>\n\t\t\t\t<\/div>\n\t\t\t\t<div class=\"elementor-element elementor-element-6c4f5c92 elementor-widget elementor-widget-heading\" data-id=\"6c4f5c92\" data-element_type=\"widget\" data-e-type=\"widget\" data-widget_type=\"heading.default\">\n\t\t\t\t<div class=\"elementor-widget-container\">\n\t\t\t\t\t<h1 class=\"elementor-heading-title elementor-size-default\">Sul nostro nuovo logo<\/h1>\t\t\t\t<\/div>\n\t\t\t\t<\/div>\n\t\t\t\t<div class=\"elementor-element elementor-element-9c926af elementor-widget elementor-widget-spacer\" data-id=\"9c926af\" data-element_type=\"widget\" data-e-type=\"widget\" data-widget_type=\"spacer.default\">\n\t\t\t\t<div class=\"elementor-widget-container\">\n\t\t\t\t\t\t\t<div class=\"elementor-spacer\">\n\t\t\t<div class=\"elementor-spacer-inner\"><\/div>\n\t\t<\/div>\n\t\t\t\t\t\t<\/div>\n\t\t\t\t<\/div>\n\t\t\t\t<div class=\"elementor-element elementor-element-1b1a639b elementor-widget elementor-widget-spacer\" data-id=\"1b1a639b\" data-element_type=\"widget\" data-e-type=\"widget\" data-widget_type=\"spacer.default\">\n\t\t\t\t<div class=\"elementor-widget-container\">\n\t\t\t\t\t\t\t<div class=\"elementor-spacer\">\n\t\t\t<div class=\"elementor-spacer-inner\"><\/div>\n\t\t<\/div>\n\t\t\t\t\t\t<\/div>\n\t\t\t\t<\/div>\n\t\t\t\t\t<\/div>\n\t\t<\/div>\n\t\t\t\t\t<\/div>\n\t\t<\/section>\n\t\t\t\t<section class=\"elementor-section elementor-top-section elementor-element elementor-element-2c8c21bd elementor-section-boxed elementor-section-height-default elementor-section-height-default\" data-id=\"2c8c21bd\" data-element_type=\"section\" data-e-type=\"section\">\n\t\t\t\t\t\t<div class=\"elementor-container elementor-column-gap-default\">\n\t\t\t\t\t<div class=\"elementor-column elementor-col-100 elementor-top-column elementor-element elementor-element-575baf69\" data-id=\"575baf69\" data-element_type=\"column\" data-e-type=\"column\">\n\t\t\t<div class=\"elementor-widget-wrap elementor-element-populated\">\n\t\t\t\t\t\t<div class=\"elementor-element elementor-element-346c32d2 elementor-widget elementor-widget-spacer\" data-id=\"346c32d2\" data-element_type=\"widget\" data-e-type=\"widget\" data-widget_type=\"spacer.default\">\n\t\t\t\t<div class=\"elementor-widget-container\">\n\t\t\t\t\t\t\t<div class=\"elementor-spacer\">\n\t\t\t<div class=\"elementor-spacer-inner\"><\/div>\n\t\t<\/div>\n\t\t\t\t\t\t<\/div>\n\t\t\t\t<\/div>\n\t\t\t\t\t<\/div>\n\t\t<\/div>\n\t\t\t\t\t<\/div>\n\t\t<\/section>\n\t\t\t\t<section class=\"elementor-section elementor-top-section elementor-element elementor-element-299dbeeb elementor-section-boxed elementor-section-height-default elementor-section-height-default\" data-id=\"299dbeeb\" data-element_type=\"section\" data-e-type=\"section\">\n\t\t\t\t\t\t<div class=\"elementor-container elementor-column-gap-default\">\n\t\t\t\t\t<div class=\"elementor-column elementor-col-100 elementor-top-column elementor-element elementor-element-4d0e4fab\" data-id=\"4d0e4fab\" data-element_type=\"column\" data-e-type=\"column\">\n\t\t\t<div class=\"elementor-widget-wrap elementor-element-populated\">\n\t\t\t\t\t\t\t<\/div>\n\t\t<\/div>\n\t\t\t\t\t<\/div>\n\t\t<\/section>\n\t\t\t\t<section class=\"elementor-section elementor-top-section elementor-element elementor-element-706e6657 elementor-section-content-top elementor-section-boxed elementor-section-height-default elementor-section-height-default\" data-id=\"706e6657\" data-element_type=\"section\" data-e-type=\"section\">\n\t\t\t\t\t\t<div class=\"elementor-container elementor-column-gap-no\">\n\t\t\t\t\t<div class=\"elementor-column elementor-col-50 elementor-top-column elementor-element elementor-element-6838d3c\" data-id=\"6838d3c\" data-element_type=\"column\" data-e-type=\"column\">\n\t\t\t<div class=\"elementor-widget-wrap elementor-element-populated\">\n\t\t\t\t\t\t<div class=\"elementor-element elementor-element-1db7b6a1 elementor-widget elementor-widget-heading\" data-id=\"1db7b6a1\" data-element_type=\"widget\" data-e-type=\"widget\" data-widget_type=\"heading.default\">\n\t\t\t\t<div class=\"elementor-widget-container\">\n\t\t\t\t\t<h2 class=\"elementor-heading-title elementor-size-default\">Sul nostro nuovo logo\n\n<\/h2>\t\t\t\t<\/div>\n\t\t\t\t<\/div>\n\t\t\t\t<div class=\"elementor-element elementor-element-6f0294b3 elementor-widget elementor-widget-heading\" data-id=\"6f0294b3\" data-element_type=\"widget\" data-e-type=\"widget\" data-widget_type=\"heading.default\">\n\t\t\t\t<div class=\"elementor-widget-container\">\n\t\t\t\t\t<h2 class=\"elementor-heading-title elementor-size-default\">\n\nOvvero, sull'importanza di cambiare punto di vista<\/h2>\t\t\t\t<\/div>\n\t\t\t\t<\/div>\n\t\t\t\t<div class=\"elementor-element elementor-element-7b45bd7 elementor-widget elementor-widget-spacer\" data-id=\"7b45bd7\" data-element_type=\"widget\" data-e-type=\"widget\" data-widget_type=\"spacer.default\">\n\t\t\t\t<div class=\"elementor-widget-container\">\n\t\t\t\t\t\t\t<div class=\"elementor-spacer\">\n\t\t\t<div class=\"elementor-spacer-inner\"><\/div>\n\t\t<\/div>\n\t\t\t\t\t\t<\/div>\n\t\t\t\t<\/div>\n\t\t\t\t\t<\/div>\n\t\t<\/div>\n\t\t\t\t<div class=\"elementor-column elementor-col-50 elementor-top-column elementor-element elementor-element-350b7587\" data-id=\"350b7587\" data-element_type=\"column\" data-e-type=\"column\">\n\t\t\t<div class=\"elementor-widget-wrap elementor-element-populated\">\n\t\t\t\t\t\t<div class=\"elementor-element elementor-element-e1d2ceb elementor-widget elementor-widget-image\" data-id=\"e1d2ceb\" data-element_type=\"widget\" data-e-type=\"widget\" data-widget_type=\"image.default\">\n\t\t\t\t<div class=\"elementor-widget-container\">\n\t\t\t\t\t\t\t\t\t\t\t\t\t\t\t<img decoding=\"async\" width=\"132\" height=\"150\" src=\"https:\/\/www.terminologia.it\/wp-content\/uploads\/2021\/11\/LogoMakr1.png\" class=\"attachment-thumbnail size-thumbnail wp-image-3620\" alt=\"\" \/>\t\t\t\t\t\t\t\t\t\t\t\t\t\t\t<\/div>\n\t\t\t\t<\/div>\n\t\t\t\t<div class=\"elementor-element elementor-element-35dfcf56 elementor-widget elementor-widget-text-editor\" data-id=\"35dfcf56\" data-element_type=\"widget\" data-e-type=\"widget\" data-widget_type=\"text-editor.default\">\n\t\t\t\t<div class=\"elementor-widget-container\">\n\t\t\t\t\t\t\t\t\t<p>Il logo del nuovo sito del Laboratorio di Terminologia e Traduzione Assistita <strong>\u00e8<\/strong> molte cose. \u00c8 un <strong>cubo<\/strong>, o un <strong>esagono<\/strong>, e perci\u00f2 anche un omaggio alla relazione tra la <strong>geometria<\/strong> e la teoria della <strong>terminologia<\/strong>. Soprattutto, per\u00f2, \u00e8 un invito a guardare le cose da un <strong>punto di vista<\/strong> diverso, cos\u00ec come avviene per i concetti nella teoria della terminologia<\/p><p>Per comprenderlo, vi invitiamo a guardarlo con attenzione. Se consideriamo <strong>le tre dimensioni<\/strong>, il nuovo logo del sito di terminologia.it appare come un <strong>cubo;<\/strong> se togliamo una dimensione, e <strong>\u2018appiattiamo\u2019<\/strong> la figura, il logo diventa un <strong>esagono<\/strong>. Per prima cosa, quindi, il nostro nuovo logo vuole essere un invito a guardare le cose da un punto di vista diverso, soffermandosi un attimo in pi\u00f9 su quello che siamo abituati a vedere. \u00a0<\/p><p>In riferimento alla teoria della terminologia, questo simbolo rimanda all\u2019<strong>assenza di univocit\u00e0 <\/strong>nell\u2019interpretazione dei concetti. Anche in essa, infatti, le <strong><em>Units of Meaning<\/em><\/strong> univoche e mono-referenziali descritte da W\u00fcster, si sono avvicinate, col passare del tempo, alla natura variegata dei concetti nel mondo reale, trasformandosi in <strong><em>Units of Understanding<\/em><\/strong> (Temmerman), nelle quali la percezione soggettiva del concetto ha sostituito il carattere univoco delle teorie precedenti.<\/p><p>Il nuovo logo \u00e8 anche un omaggio alle tante <strong>rappresentazioni<\/strong> <strong>geometriche<\/strong> del rapporto tra concetto e termine, di cui la teoria della terminologia \u00e8 costellata.<\/p><p>\u00a0Per primo Saussure espresse il suo <strong>modello bipartito<\/strong> di segno, come composto da significante e significato, poi W\u00fcster ragion\u00f2 sul rapporto tra concetto e termine, proponendo una versione quadripartita dello stesso modello di segno, detto anche <strong><em>Wortmodell<\/em><\/strong>. Tuttavia, la figura geometrica pi\u00f9 famosa nella storia della terminologia \u00e8 sicuramente il <strong>triangolo semiotico<\/strong>, rappresentazione tripartita del rapporto tra concetto, termine e oggetto (Odgen e Richards). Questa figura sar\u00e0 alla base di tutte le successive evoluzioni geometriche di questo rapporto, proposte da altri autori.<\/p><p>Per citarne alcuni, Kerremans, Temmerman e De Baer presentano una versione evoluta del triangolo semiotico, diventato <strong>pentagono<\/strong>, nel quale <strong><em>situatedness<\/em><\/strong> e <strong><em>embodiment<\/em><\/strong>, si aggiungono ai tre estremi gi\u00e0 presenti: concetto, termine e oggetto. L\u2019aumento di estremi della figura porta al <strong>poliedro<\/strong> descritto da Cabr\u00e9 come una delle rappresentazioni geometriche pi\u00f9 complesse di tutta la teoria della terminologia. L\u2019autrice descrive infatti il concetto come un solido con molte facce, ognuna delle quali rappresenta un aspetto del concetto stesso, accessibile tramite tre <strong>\u2018porte\u2019<\/strong>, o metodi di descrizione: linguistico, cognitivo e sociocomunicativo.<\/p><p>Queste sono solo alcune delle rappresentazioni geometriche dei concetti proposte nella teoria della terminologia. La disciplina si \u00e8 infatti sempre confrontata con la rappresentazione grafica, non solo del singolo concetto, ma anche del rapporto tra concetti, trovando in questo metodo di rappresentazione un valido aiuto nell\u2019illustrare i suoi temi principali.<\/p><p>Il logo del nuovo sito del Laboratorio di Terminologia e Traduzione Assistita <strong>non \u00e8<\/strong> dunque solo un cubo. \u00c8 un <strong>cubo<\/strong>, o un <strong>esagono<\/strong>, ma anche un evidente riferimento alla <strong>rappresentazione geometrica<\/strong> nella teoria della terminologia. La sua <strong>struttura<\/strong> ricorda l\u2019importanza del legame tra la teoria della terminologia e la rappresentazione grafica dei <strong>concetti<\/strong>, ma anche la <strong>multidimensionalit\u00e0<\/strong> degli stessi, che si prestano, per loro natura, ad essere sempre reinterpretati e guardati sotto una nuova luce.<\/p>\t\t\t\t\t\t\t\t<\/div>\n\t\t\t\t<\/div>\n\t\t\t\t\t<\/div>\n\t\t<\/div>\n\t\t\t\t\t<\/div>\n\t\t<\/section>\n\t\t\t\t<\/div>\n\t\t","protected":false},"excerpt":{"rendered":"<p>Sul nostro nuovo logo Sul nostro nuovo logo Ovvero, sull&#8217;importanza di cambiare punto di vista Il logo del nuovo sito del Laboratorio di Terminologia e Traduzione Assistita \u00e8 molte cose. \u00c8 un cubo, o un esagono, e perci\u00f2 anche un omaggio alla relazione tra la geometria e la teoria della terminologia. Soprattutto, per\u00f2, \u00e8 un [&hellip;]<\/p>\n","protected":false},"author":9,"featured_media":0,"parent":0,"menu_order":0,"comment_status":"closed","ping_status":"closed","template":"","meta":{"site-sidebar-layout":"no-sidebar","site-content-layout":"page-builder","ast-site-content-layout":"default","site-content-style":"default","site-sidebar-style":"default","ast-global-header-display":"","ast-banner-title-visibility":"","ast-main-header-display":"","ast-hfb-above-header-display":"","ast-hfb-below-header-display":"","ast-hfb-mobile-header-display":"","site-post-title":"disabled","ast-breadcrumbs-content":"","ast-featured-img":"disabled","footer-sml-layout":"","ast-disable-related-posts":"","theme-transparent-header-meta":"default","adv-header-id-meta":"","stick-header-meta":"","header-above-stick-meta":"","header-main-stick-meta":"","header-below-stick-meta":"","astra-migrate-meta-layouts":"default","ast-page-background-enabled":"default","ast-page-background-meta":{"desktop":{"background-color":"","background-image":"","background-repeat":"repeat","background-position":"center center","background-size":"auto","background-attachment":"scroll","background-type":"","background-media":"","overlay-type":"","overlay-color":"","overlay-opacity":"","overlay-gradient":""},"tablet":{"background-color":"","background-image":"","background-repeat":"repeat","background-position":"center center","background-size":"auto","background-attachment":"scroll","background-type":"","background-media":"","overlay-type":"","overlay-color":"","overlay-opacity":"","overlay-gradient":""},"mobile":{"background-color":"","background-image":"","background-repeat":"repeat","background-position":"center center","background-size":"auto","background-attachment":"scroll","background-type":"","background-media":"","overlay-type":"","overlay-color":"","overlay-opacity":"","overlay-gradient":""}},"ast-content-background-meta":{"desktop":{"background-color":"var(--ast-global-color-5)","background-image":"","background-repeat":"repeat","background-position":"center center","background-size":"auto","background-attachment":"scroll","background-type":"","background-media":"","overlay-type":"","overlay-color":"","overlay-opacity":"","overlay-gradient":""},"tablet":{"background-color":"var(--ast-global-color-5)","background-image":"","background-repeat":"repeat","background-position":"center center","background-size":"auto","background-attachment":"scroll","background-type":"","background-media":"","overlay-type":"","overlay-color":"","overlay-opacity":"","overlay-gradient":""},"mobile":{"background-color":"var(--ast-global-color-5)","background-image":"","background-repeat":"repeat","background-position":"center center","background-size":"auto","background-attachment":"scroll","background-type":"","background-media":"","overlay-type":"","overlay-color":"","overlay-opacity":"","overlay-gradient":""}},"footnotes":""},"class_list":["post-5181","page","type-page","status-publish","hentry"],"_links":{"self":[{"href":"https:\/\/www.terminologia.it\/index.php\/wp-json\/wp\/v2\/pages\/5181","targetHints":{"allow":["GET"]}}],"collection":[{"href":"https:\/\/www.terminologia.it\/index.php\/wp-json\/wp\/v2\/pages"}],"about":[{"href":"https:\/\/www.terminologia.it\/index.php\/wp-json\/wp\/v2\/types\/page"}],"author":[{"embeddable":true,"href":"https:\/\/www.terminologia.it\/index.php\/wp-json\/wp\/v2\/users\/9"}],"replies":[{"embeddable":true,"href":"https:\/\/www.terminologia.it\/index.php\/wp-json\/wp\/v2\/comments?post=5181"}],"version-history":[{"count":23,"href":"https:\/\/www.terminologia.it\/index.php\/wp-json\/wp\/v2\/pages\/5181\/revisions"}],"predecessor-version":[{"id":5301,"href":"https:\/\/www.terminologia.it\/index.php\/wp-json\/wp\/v2\/pages\/5181\/revisions\/5301"}],"wp:attachment":[{"href":"https:\/\/www.terminologia.it\/index.php\/wp-json\/wp\/v2\/media?parent=5181"}],"curies":[{"name":"wp","href":"https:\/\/api.w.org\/{rel}","templated":true}]}}